{"id":359,"date":"2025-09-04T15:43:49","date_gmt":"2025-09-04T13:43:49","guid":{"rendered":"https:\/\/ak-ski.ch\/?page_id=359"},"modified":"2025-09-26T14:03:48","modified_gmt":"2025-09-26T12:03:48","slug":"ak-original","status":"publish","type":"page","link":"https:\/\/ak-ski.ch\/en\/ak-original\/","title":{"rendered":"AK.ORIGINAL"},"content":{"rendered":"<div id=\"fws_69df2c343286d\"  data-column-margin=\"custom\" data-midnight=\"light\"  class=\"wpb_row vc_row-fluid vc_row full-width-section  reverse_columns_column_phone column-margin-4pct top_padding_phone_10px\"  style=\"padding-top: 200px; padding-bottom: 0px; \"><div class=\"row-bg-wrap\" data-bg-animation=\"none\" data-bg-animation-delay=\"\" data-bg-overlay=\"false\"><div class=\"inner-wrap row-bg-layer\" ><div class=\"row-bg viewport-desktop\"  style=\"\"><\/div><\/div><\/div><div class=\"row_col_wrap_12 col span_12 light left\">\n\t<div style=\" color: #FFFFFF;\" class=\"vc_col-sm-4 wpb_column column_container vc_column_container col nectar-sticky-column-css has-animation no-extra-padding el_spacing_30px inherit_tablet inherit_phone\" data-cfc=\"true\"  data-padding-pos=\"all\" data-has-bg-color=\"false\" data-bg-color=\"\" data-bg-opacity=\"1\" data-animation=\"fade-in\" data-delay=\"0\" >\n\t\t<div class=\"n-sticky\"><div class=\"vc_column-inner\" >\n\t\t\t<div class=\"wpb_wrapper\">\n\t\t\t\t<div class=\"nectar-responsive-text font_size_max_54px font_size_desktop_3vw font_size_tablet_5vw font_size_phone_34px font_line_height_1-1 nectar-link-underline-effect\"><h3>AK.ORIGINAL<\/h3>\n<\/div><div id=\"fws_69df2c3433771\" data-midnight=\"\" data-column-margin=\"default\" class=\"wpb_row vc_row-fluid vc_row inner_row\"  style=\"\"><div class=\"row-bg-wrap\"> <div class=\"row-bg\" ><\/div> <\/div><div class=\"row_col_wrap_12_inner col span_12  left\">\n\t<div  class=\"vc_col-sm-12 wpb_column column_container vc_column_container col child_column no-extra-padding el_spacing_10px inherit_tablet inherit_phone\"   data-padding-pos=\"all\" data-has-bg-color=\"false\" data-bg-color=\"\" data-bg-opacity=\"1\" data-animation=\"\" data-delay=\"0\" >\n\t\t<div class=\"vc_column-inner\" >\n\t\t<div class=\"wpb_wrapper\">\n\t\t\t<div class=\"nectar-responsive-text font_size_min_20px font_size_max_25px font_size_desktop_1-7vw font_line_height_1-2 nectar-link-underline-effect\"><p>In the last three years, we have done everything to develop a new generation elastAK (natural rubber surface). The aim was to produce a visually regular and more refined rubber surface. The fact that we were able to improve the skiing characteristics of the latest AK.ORIGINAL skis so enormously in the process still surprises us. Absorbing vibration to the max with even more agility!<\/p>\n<\/div>\n\t\t<\/div> \n\t<\/div>\n\t<\/div> \n<\/div><\/div>\n\t\t\t<\/div> \n\t\t<\/div><\/div>\n\t<\/div> \n\n\t<div  class=\"vc_col-sm-8 wpb_column column_container vc_column_container col has-animation no-extra-padding el_spacing_20px inherit_tablet inherit_phone\"  data-padding-pos=\"all\" data-has-bg-color=\"false\" data-bg-color=\"\" data-bg-opacity=\"1\" data-animation=\"fade-in\" data-delay=\"0\" >\n\t\t<div class=\"vc_column-inner\" >\n\t\t\t<div class=\"wpb_wrapper\">\n\t\t\t\t<div class=\"img-with-aniamtion-wrap\" data-max-width=\"100%\" data-max-width-mobile=\"default\" data-border-radius=\"20px\" data-shadow=\"none\" data-animation=\"none\" >\n      <div class=\"inner\">\n        <div class=\"hover-wrap\"> \n          <div class=\"hover-wrap-inner\">\n            <img loading=\"lazy\" decoding=\"async\" class=\"img-with-animation skip-lazy\" data-delay=\"0\" height=\"1350\" width=\"2400\" data-animation=\"none\" src=\"https:\/\/ak-ski.ch\/wp-content\/uploads\/2025\/09\/default_2.29.1-1.jpg\" alt=\"\" srcset=\"https:\/\/ak-ski.ch\/wp-content\/uploads\/2025\/09\/default_2.29.1-1.jpg 2400w, https:\/\/ak-ski.ch\/wp-content\/uploads\/2025\/09\/default_2.29.1-1-768x432.jpg 768w, https:\/\/ak-ski.ch\/wp-content\/uploads\/2025\/09\/default_2.29.1-1-1536x864.jpg 1536w, https:\/\/ak-ski.ch\/wp-content\/uploads\/2025\/09\/default_2.29.1-1-2048x1152.jpg 2048w, https:\/\/ak-ski.ch\/wp-content\/uploads\/2025\/09\/default_2.29.1-1-600x338.jpg 600w\" sizes=\"auto, (max-width: 2400px) 100vw, 2400px\" \/>\n          <\/div>\n        <\/div>\n      <\/div>\n    <\/div>\n\t\t\t<\/div> \n\t\t<\/div>\n\t<\/div> \n<\/div><\/div>\n\t\t<div id=\"fws_69df2c34357ec\"  data-column-margin=\"default\" data-midnight=\"light\" data-top-percent=\"10%\" data-bottom-percent=\"10%\"  class=\"wpb_row vc_row-fluid vc_row  zindex-set\"  style=\"padding-top: calc(100vw * 0.10); padding-bottom: calc(100vw * 0.10);  z-index: 3;\"><div class=\"row-bg-wrap\" data-bg-animation=\"none\" data-bg-animation-delay=\"\" data-bg-overlay=\"false\"><div class=\"inner-wrap row-bg-layer\" ><div class=\"row-bg viewport-desktop\"  style=\"\"><\/div><\/div><\/div><div class=\"row_col_wrap_12 col span_12 light left\">\n\t<div  class=\"vc_col-sm-12 wpb_column column_container vc_column_container col no-extra-padding inherit_tablet inherit_phone\"  data-padding-pos=\"all\" data-has-bg-color=\"false\" data-bg-color=\"\" data-bg-opacity=\"1\" data-animation=\"\" data-delay=\"0\" >\n\t\t<div class=\"vc_column-inner\" >\n\t\t\t<div class=\"wpb_wrapper\">\n\t\t\t\t<div id=\"fws_69df2c3436157\" data-midnight=\"\" data-column-margin=\"default\" class=\"wpb_row vc_row-fluid vc_row inner_row\"  style=\"\"><div class=\"row-bg-wrap\"> <div class=\"row-bg\" ><\/div> <\/div><div class=\"row_col_wrap_12_inner col span_12  left\">\n\t<div  class=\"vc_col-sm-4 wpb_column column_container vc_column_container col child_column no-extra-padding inherit_tablet inherit_phone\"   data-padding-pos=\"all\" data-has-bg-color=\"false\" data-bg-color=\"\" data-bg-opacity=\"1\" data-animation=\"\" data-delay=\"0\" >\n\t\t<div class=\"vc_column-inner\" >\n\t\t<div class=\"wpb_wrapper\">\n\t\t\t<div class=\"img-with-aniamtion-wrap\" data-max-width=\"100%\" data-max-width-mobile=\"default\" data-shadow=\"none\" data-animation=\"none\" >\n      <div class=\"inner\">\n        <div class=\"hover-wrap\"> \n          <div class=\"hover-wrap-inner\">\n            <a href=\"\/en\/red-original\/\" target=\"_self\" class=\"\">\n              <img loading=\"lazy\" decoding=\"async\" class=\"img-with-animation skip-lazy\" data-delay=\"0\" height=\"1991\" width=\"1327\" data-animation=\"none\" src=\"https:\/\/ak-ski.ch\/wp-content\/uploads\/2025\/09\/red-orig-thumbnail-2.webp\" alt=\"\" srcset=\"https:\/\/ak-ski.ch\/wp-content\/uploads\/2025\/09\/red-orig-thumbnail-2.webp 1327w, https:\/\/ak-ski.ch\/wp-content\/uploads\/2025\/09\/red-orig-thumbnail-2-768x1152.webp 768w, https:\/\/ak-ski.ch\/wp-content\/uploads\/2025\/09\/red-orig-thumbnail-2-1024x1536.webp 1024w, https:\/\/ak-ski.ch\/wp-content\/uploads\/2025\/09\/red-orig-thumbnail-2-8x12.webp 8w, https:\/\/ak-ski.ch\/wp-content\/uploads\/2025\/09\/red-orig-thumbnail-2-600x900.webp 600w\" sizes=\"auto, (max-width: 1327px) 100vw, 1327px\" \/>\n            <\/a>\n          <\/div>\n        <\/div>\n      <\/div>\n      <\/div>\n\t\t<\/div> \n\t<\/div>\n\t<\/div> \n\n\t<div  class=\"vc_col-sm-4 wpb_column column_container vc_column_container col child_column no-extra-padding inherit_tablet inherit_phone\"   data-padding-pos=\"all\" data-has-bg-color=\"false\" data-bg-color=\"\" data-bg-opacity=\"1\" data-animation=\"\" data-delay=\"0\" >\n\t\t<div class=\"vc_column-inner\" >\n\t\t<div class=\"wpb_wrapper\">\n\t\t\t<div class=\"img-with-aniamtion-wrap\" data-max-width=\"100%\" data-max-width-mobile=\"default\" data-shadow=\"none\" data-animation=\"none\" >\n      <div class=\"inner\">\n        <div class=\"hover-wrap\"> \n          <div class=\"hover-wrap-inner\">\n            <a href=\"\/en\/pink-original\/\" target=\"_self\" class=\"\">\n              <img loading=\"lazy\" decoding=\"async\" class=\"img-with-animation skip-lazy\" data-delay=\"0\" height=\"1991\" width=\"1327\" data-animation=\"none\" src=\"https:\/\/ak-ski.ch\/wp-content\/uploads\/2025\/09\/pink-orig-thumbnail-1.webp\" alt=\"\" srcset=\"https:\/\/ak-ski.ch\/wp-content\/uploads\/2025\/09\/pink-orig-thumbnail-1.webp 1327w, https:\/\/ak-ski.ch\/wp-content\/uploads\/2025\/09\/pink-orig-thumbnail-1-600x900.webp 600w, https:\/\/ak-ski.ch\/wp-content\/uploads\/2025\/09\/pink-orig-thumbnail-1-200x300.webp 200w, https:\/\/ak-ski.ch\/wp-content\/uploads\/2025\/09\/pink-orig-thumbnail-1-682x1024.webp 682w, https:\/\/ak-ski.ch\/wp-content\/uploads\/2025\/09\/pink-orig-thumbnail-1-768x1152.webp 768w, https:\/\/ak-ski.ch\/wp-content\/uploads\/2025\/09\/pink-orig-thumbnail-1-1024x1536.webp 1024w\" sizes=\"auto, (max-width: 1327px) 100vw, 1327px\" \/>\n            <\/a>\n          <\/div>\n        <\/div>\n      <\/div>\n      <\/div>\n\t\t<\/div> \n\t<\/div>\n\t<\/div> \n\n\t<div  class=\"vc_col-sm-4 wpb_column column_container vc_column_container col child_column no-extra-padding inherit_tablet inherit_phone\"   data-padding-pos=\"all\" data-has-bg-color=\"false\" data-bg-color=\"\" data-bg-opacity=\"1\" data-animation=\"\" data-delay=\"0\" >\n\t\t<div class=\"vc_column-inner\" >\n\t\t<div class=\"wpb_wrapper\">\n\t\t\t<div class=\"img-with-aniamtion-wrap\" data-max-width=\"100%\" data-max-width-mobile=\"default\" data-shadow=\"none\" data-animation=\"none\" >\n      <div class=\"inner\">\n        <div class=\"hover-wrap\"> \n          <div class=\"hover-wrap-inner\">\n            <a href=\"\/en\/ak-black-original\/\" target=\"_self\" class=\"\">\n              <img loading=\"lazy\" decoding=\"async\" class=\"img-with-animation skip-lazy\" data-delay=\"0\" height=\"1991\" width=\"1327\" data-animation=\"none\" src=\"https:\/\/ak-ski.ch\/wp-content\/uploads\/2025\/09\/black-orig-thumbnail-1.webp\" alt=\"\" srcset=\"https:\/\/ak-ski.ch\/wp-content\/uploads\/2025\/09\/black-orig-thumbnail-1.webp 1327w, https:\/\/ak-ski.ch\/wp-content\/uploads\/2025\/09\/black-orig-thumbnail-1-600x900.webp 600w, https:\/\/ak-ski.ch\/wp-content\/uploads\/2025\/09\/black-orig-thumbnail-1-200x300.webp 200w, https:\/\/ak-ski.ch\/wp-content\/uploads\/2025\/09\/black-orig-thumbnail-1-682x1024.webp 682w, https:\/\/ak-ski.ch\/wp-content\/uploads\/2025\/09\/black-orig-thumbnail-1-768x1152.webp 768w, https:\/\/ak-ski.ch\/wp-content\/uploads\/2025\/09\/black-orig-thumbnail-1-1024x1536.webp 1024w\" sizes=\"auto, (max-width: 1327px) 100vw, 1327px\" \/>\n            <\/a>\n          <\/div>\n        <\/div>\n      <\/div>\n      <\/div>\n\t\t<\/div> \n\t<\/div>\n\t<\/div> \n<\/div><\/div><div id=\"fws_69df2c34397bc\" data-midnight=\"\" data-column-margin=\"default\" class=\"wpb_row vc_row-fluid vc_row inner_row\"  style=\"\"><div class=\"row-bg-wrap\"> <div class=\"row-bg\" ><\/div> <\/div><div class=\"row_col_wrap_12_inner col span_12  left\">\n\t<div  class=\"vc_col-sm-4 wpb_column column_container vc_column_container col child_column no-extra-padding inherit_tablet inherit_phone\"   data-padding-pos=\"all\" data-has-bg-color=\"false\" data-bg-color=\"\" data-bg-opacity=\"1\" data-animation=\"\" data-delay=\"0\" >\n\t\t<div class=\"vc_column-inner\" >\n\t\t<div class=\"wpb_wrapper\">\n\t\t\t<div class=\"img-with-aniamtion-wrap\" data-max-width=\"100%\" data-max-width-mobile=\"default\" data-shadow=\"none\" data-animation=\"none\" >\n      <div class=\"inner\">\n        <div class=\"hover-wrap\"> \n          <div class=\"hover-wrap-inner\">\n            <a href=\"\/en\/yellow-original\/\" target=\"_self\" class=\"\">\n              <img loading=\"lazy\" decoding=\"async\" class=\"img-with-animation skip-lazy\" data-delay=\"0\" height=\"1991\" width=\"1327\" data-animation=\"none\" src=\"https:\/\/ak-ski.ch\/wp-content\/uploads\/2025\/09\/yellow-orig-thumbnail-1.webp\" alt=\"\" srcset=\"https:\/\/ak-ski.ch\/wp-content\/uploads\/2025\/09\/yellow-orig-thumbnail-1.webp 1327w, https:\/\/ak-ski.ch\/wp-content\/uploads\/2025\/09\/yellow-orig-thumbnail-1-600x900.webp 600w, https:\/\/ak-ski.ch\/wp-content\/uploads\/2025\/09\/yellow-orig-thumbnail-1-200x300.webp 200w, https:\/\/ak-ski.ch\/wp-content\/uploads\/2025\/09\/yellow-orig-thumbnail-1-682x1024.webp 682w, https:\/\/ak-ski.ch\/wp-content\/uploads\/2025\/09\/yellow-orig-thumbnail-1-768x1152.webp 768w, https:\/\/ak-ski.ch\/wp-content\/uploads\/2025\/09\/yellow-orig-thumbnail-1-1024x1536.webp 1024w\" sizes=\"auto, (max-width: 1327px) 100vw, 1327px\" \/>\n            <\/a>\n          <\/div>\n        <\/div>\n      <\/div>\n      <\/div>\n\t\t<\/div> \n\t<\/div>\n\t<\/div> \n\n\t<div  class=\"vc_col-sm-4 wpb_column column_container vc_column_container col child_column no-extra-padding inherit_tablet inherit_phone\"   data-padding-pos=\"all\" data-has-bg-color=\"false\" data-bg-color=\"\" data-bg-opacity=\"1\" data-animation=\"\" data-delay=\"0\" >\n\t\t<div class=\"vc_column-inner\" >\n\t\t<div class=\"wpb_wrapper\">\n\t\t\t<div class=\"img-with-aniamtion-wrap\" data-max-width=\"100%\" data-max-width-mobile=\"default\" data-shadow=\"none\" data-animation=\"none\" >\n      <div class=\"inner\">\n        <div class=\"hover-wrap\"> \n          <div class=\"hover-wrap-inner\">\n            <a href=\"\/en\/orange-original\/\" target=\"_self\" class=\"\">\n              <img loading=\"lazy\" decoding=\"async\" class=\"img-with-animation skip-lazy\" data-delay=\"0\" height=\"1991\" width=\"1327\" data-animation=\"none\" src=\"https:\/\/ak-ski.ch\/wp-content\/uploads\/2025\/09\/orange-orig-thumbnail-1.webp\" alt=\"\" srcset=\"https:\/\/ak-ski.ch\/wp-content\/uploads\/2025\/09\/orange-orig-thumbnail-1.webp 1327w, https:\/\/ak-ski.ch\/wp-content\/uploads\/2025\/09\/orange-orig-thumbnail-1-600x900.webp 600w, https:\/\/ak-ski.ch\/wp-content\/uploads\/2025\/09\/orange-orig-thumbnail-1-200x300.webp 200w, https:\/\/ak-ski.ch\/wp-content\/uploads\/2025\/09\/orange-orig-thumbnail-1-682x1024.webp 682w, https:\/\/ak-ski.ch\/wp-content\/uploads\/2025\/09\/orange-orig-thumbnail-1-768x1152.webp 768w, https:\/\/ak-ski.ch\/wp-content\/uploads\/2025\/09\/orange-orig-thumbnail-1-1024x1536.webp 1024w\" sizes=\"auto, (max-width: 1327px) 100vw, 1327px\" \/>\n            <\/a>\n          <\/div>\n        <\/div>\n      <\/div>\n      <\/div>\n\t\t<\/div> \n\t<\/div>\n\t<\/div> \n\n\t<div  class=\"vc_col-sm-4 wpb_column column_container vc_column_container col child_column no-extra-padding inherit_tablet inherit_phone\"   data-padding-pos=\"all\" data-has-bg-color=\"false\" data-bg-color=\"\" data-bg-opacity=\"1\" data-animation=\"\" data-delay=\"0\" >\n\t\t<div class=\"vc_column-inner\" >\n\t\t<div class=\"wpb_wrapper\">\n\t\t\t<div class=\"img-with-aniamtion-wrap\" data-max-width=\"100%\" data-max-width-mobile=\"default\" data-shadow=\"none\" data-animation=\"none\" >\n      <div class=\"inner\">\n        <div class=\"hover-wrap\"> \n          <div class=\"hover-wrap-inner\">\n            <a href=\"\/en\/green-original\/\" target=\"_self\" class=\"\">\n              <img loading=\"lazy\" decoding=\"async\" class=\"img-with-animation skip-lazy\" data-delay=\"0\" height=\"1991\" width=\"1327\" data-animation=\"none\" src=\"https:\/\/ak-ski.ch\/wp-content\/uploads\/2025\/09\/green-orig-thumbnail-1.webp\" alt=\"\" srcset=\"https:\/\/ak-ski.ch\/wp-content\/uploads\/2025\/09\/green-orig-thumbnail-1.webp 1327w, https:\/\/ak-ski.ch\/wp-content\/uploads\/2025\/09\/green-orig-thumbnail-1-600x900.webp 600w, https:\/\/ak-ski.ch\/wp-content\/uploads\/2025\/09\/green-orig-thumbnail-1-200x300.webp 200w, https:\/\/ak-ski.ch\/wp-content\/uploads\/2025\/09\/green-orig-thumbnail-1-682x1024.webp 682w, https:\/\/ak-ski.ch\/wp-content\/uploads\/2025\/09\/green-orig-thumbnail-1-768x1152.webp 768w, https:\/\/ak-ski.ch\/wp-content\/uploads\/2025\/09\/green-orig-thumbnail-1-1024x1536.webp 1024w\" sizes=\"auto, (max-width: 1327px) 100vw, 1327px\" \/>\n            <\/a>\n          <\/div>\n        <\/div>\n      <\/div>\n      <\/div>\n\t\t<\/div> \n\t<\/div>\n\t<\/div> \n<\/div><\/div>\n\t\t\t<\/div> \n\t\t<\/div>\n\t<\/div> \n<\/div><\/div>","protected":false},"excerpt":{"rendered":"AK.ORIGINAL AK.ORIGINAL steht f\u00fcr einzigartige Laufruhe und Pr\u00e4zision. In den letzten drei Jahren haben wir alles daf\u00fcr getan, eine neue Generation elastAK (Naturkautschuk Oberfl\u00e4che) zu entwickeln. Ziel war es, eine...","protected":false},"author":1,"featured_media":376,"parent":0,"menu_order":0,"comment_status":"closed","ping_status":"closed","template":"","meta":{"footnotes":""},"ski":[27],"class_list":{"0":"post-359","1":"page","2":"type-page","3":"status-publish","4":"has-post-thumbnail","6":"ski-originals"},"_links":{"self":[{"href":"https:\/\/ak-ski.ch\/en\/wp-json\/wp\/v2\/pages\/359","targetHints":{"allow":["GET"]}}],"collection":[{"href":"https:\/\/ak-ski.ch\/en\/wp-json\/wp\/v2\/pages"}],"about":[{"href":"https:\/\/ak-ski.ch\/en\/wp-json\/wp\/v2\/types\/page"}],"author":[{"embeddable":true,"href":"https:\/\/ak-ski.ch\/en\/wp-json\/wp\/v2\/users\/1"}],"replies":[{"embeddable":true,"href":"https:\/\/ak-ski.ch\/en\/wp-json\/wp\/v2\/comments?post=359"}],"version-history":[{"count":28,"href":"https:\/\/ak-ski.ch\/en\/wp-json\/wp\/v2\/pages\/359\/revisions"}],"predecessor-version":[{"id":6989,"href":"https:\/\/ak-ski.ch\/en\/wp-json\/wp\/v2\/pages\/359\/revisions\/6989"}],"wp:featuredmedia":[{"embeddable":true,"href":"https:\/\/ak-ski.ch\/en\/wp-json\/wp\/v2\/media\/376"}],"wp:attachment":[{"href":"https:\/\/ak-ski.ch\/en\/wp-json\/wp\/v2\/media?parent=359"}],"wp:term":[{"taxonomy":"ski","embeddable":true,"href":"https:\/\/ak-ski.ch\/en\/wp-json\/wp\/v2\/ski?post=359"}],"curies":[{"name":"wp","href":"https:\/\/api.w.org\/{rel}","templated":true}]}}