{"id":567,"date":"2025-09-11T14:45:31","date_gmt":"2025-09-11T12:45:31","guid":{"rendered":"https:\/\/ak-ski.ch\/?page_id=567"},"modified":"2025-09-26T15:06:28","modified_gmt":"2025-09-26T13:06:28","slug":"orange-speedpop","status":"publish","type":"page","link":"https:\/\/ak-ski.ch\/en\/ak-speedpop\/orange-speedpop\/","title":{"rendered":"ORANGE.SPEEDPOP"},"content":{"rendered":"<div id=\"fws_69e3d53f57223\"  data-column-margin=\"40px\" data-midnight=\"light\"  class=\"wpb_row vc_row-fluid vc_row vc_row-o-equal-height vc_row-flex  top_padding_phone_50px bottom_padding_phone_20px\"  style=\"padding-top: 200px; padding-bottom: 0px; \"><div class=\"row-bg-wrap\" data-bg-animation=\"none\" data-bg-animation-delay=\"\" data-bg-overlay=\"false\"><div class=\"inner-wrap row-bg-layer\" ><div class=\"row-bg viewport-desktop\"  style=\"\"><\/div><\/div><\/div><div class=\"row_col_wrap_12 col span_12 light left\">\n\t<div  class=\"vc_col-sm-6 wpb_column column_container vc_column_container col nectar-sticky-column-css has-animation no-extra-padding el_spacing_30px inherit_tablet inherit_phone\"  data-padding-pos=\"all\" data-has-bg-color=\"false\" data-bg-color=\"\" data-bg-opacity=\"1\" data-animation=\"fade-in\" data-delay=\"0\" >\n\t\t<div class=\"n-sticky\"><div class=\"vc_column-inner\" >\n\t\t\t<div class=\"wpb_wrapper\">\n\t\t\t\t<div class=\"nectar-responsive-text font_size_max_54px font_size_desktop_3vw font_size_tablet_5vw font_size_phone_34px font_line_height_1-1 nectar-link-underline-effect\" style=\"color: #FFFFFF;\"><h3>ORANGE.SPEEDPOP<\/h3>\n<\/div><div id=\"fws_69e3d53f582dd\" data-midnight=\"\" data-column-margin=\"default\" class=\"wpb_row vc_row-fluid vc_row inner_row\"  style=\"\"><div class=\"row-bg-wrap\"> <div class=\"row-bg\" ><\/div> <\/div><div class=\"row_col_wrap_12_inner col span_12  left\">\n\t<div style=\" color: #FFFFFF;\" class=\"vc_col-sm-12 wpb_column column_container vc_column_container col child_column no-extra-padding el_spacing_10px inherit_tablet inherit_phone\" data-cfc=\"true\"  data-padding-pos=\"all\" data-has-bg-color=\"false\" data-bg-color=\"\" data-bg-opacity=\"1\" data-animation=\"\" data-delay=\"0\" >\n\t\t<div class=\"vc_column-inner\" >\n\t\t<div class=\"wpb_wrapper\">\n\t\t\t<div class=\"nectar-responsive-text nectar-link-underline-effect\"><p class=\"font_8\"><strong>I am your guarantee.<\/strong><\/p>\n<p class=\"font_8\">The guarantee for stability and safety, nevermind how fast you want to ski. I can carve precisely but i also like to cruise. Classic short turns? No problem I always keep my cool. Always.<\/p>\n<p class=\"font_8\">100% pure ORANGE. (juice)<\/p>\n<p class=\"font_8\"><strong>Lengths<\/strong><br \/>\n157 \/ 165 \/ 172 \/ 179 cm<\/p>\n<p class=\"font_8\"><strong>Tip \/ Waist \/ Tail<\/strong><br \/>\n121 \/ 73 \/ 107 mm<\/p>\n<p class=\"font_8\"><strong>Radius (165)<\/strong><br \/>\n14 m<\/p>\n<p class=\"font_8\"><strong>Sidewalls<\/strong><br \/>\nORANGE<\/p>\n<p><strong>Price<br \/>\n<\/strong>CHF 1550 (excl. binding)<\/p>\n<\/div>\n\t\t<\/div> \n\t<\/div>\n\t<\/div> \n<\/div><\/div><div id=\"fws_69e3d53f58aca\" data-midnight=\"\" data-column-margin=\"default\" class=\"wpb_row vc_row-fluid vc_row inner_row\"  style=\"\"><div class=\"row-bg-wrap\"> <div class=\"row-bg\" ><\/div> <\/div><div class=\"row_col_wrap_12_inner col span_12  left\">\n\t<div style=\" color: #FFFFFF;\" class=\"vc_col-sm-12 wpb_column column_container vc_column_container col child_column no-extra-padding el_spacing_10px inherit_tablet inherit_phone\" data-cfc=\"true\"  data-padding-pos=\"all\" data-has-bg-color=\"false\" data-bg-color=\"\" data-bg-opacity=\"1\" data-animation=\"\" data-delay=\"0\" >\n\t\t<div class=\"vc_column-inner\" >\n\t\t<div class=\"wpb_wrapper\">\n\t\t\t\n<div class=\"wpb_text_column wpb_content_element\" >\n\t<div class=\"wpb_wrapper\">\n\t\t\t<a class=\"paoc-popup-click paoc-popup-cust-6202 paoc-popup-button paoc-popup-btn popupaoc-white\" href=\"javascript:void(0);\">Inquire<\/a>\r\n\n\t<\/div>\n<\/div>\n\n\n\n\n\t\t<\/div> \n\t<\/div>\n\t<\/div> \n<\/div><\/div>\n\t\t\t<\/div> \n\t\t<\/div><\/div>\n\t<\/div> \n\n\t<div  class=\"vc_col-sm-3 vc_col-xs-6 wpb_column column_container vc_column_container col has-animation no-extra-padding el_spacing_20px inherit_tablet inherit_phone\"  data-padding-pos=\"all\" data-has-bg-color=\"false\" data-bg-color=\"\" data-bg-opacity=\"1\" data-animation=\"fade-in\" data-delay=\"0\" >\n\t\t<div class=\"vc_column-inner\" >\n\t\t\t<div class=\"wpb_wrapper\">\n\t\t\t\t<div class=\"img-with-aniamtion-wrap center\" data-max-width=\"100%\" data-max-width-mobile=\"default\" data-shadow=\"none\" data-animation=\"none\" >\n      <div class=\"inner\">\n        <div class=\"hover-wrap\"> \n          <div class=\"hover-wrap-inner\">\n            <img loading=\"lazy\" decoding=\"async\" class=\"img-with-animation skip-lazy\" data-delay=\"0\" height=\"5000\" width=\"1044\" data-animation=\"none\" src=\"https:\/\/ak-ski.ch\/wp-content\/uploads\/2025\/09\/left-product-shot-ak-orange-speedpop-1.webp\" alt=\"AK ORANGE.SPEEDPOP Ski\" srcset=\"https:\/\/ak-ski.ch\/wp-content\/uploads\/2025\/09\/left-product-shot-ak-orange-speedpop-1.webp 1044w, https:\/\/ak-ski.ch\/wp-content\/uploads\/2025\/09\/left-product-shot-ak-orange-speedpop-1-768x3678.webp 768w, https:\/\/ak-ski.ch\/wp-content\/uploads\/2025\/09\/left-product-shot-ak-orange-speedpop-1-321x1536.webp 321w, https:\/\/ak-ski.ch\/wp-content\/uploads\/2025\/09\/left-product-shot-ak-orange-speedpop-1-600x2874.webp 600w\" sizes=\"auto, (max-width: 1044px) 100vw, 1044px\" \/>\n          <\/div>\n        <\/div>\n      <\/div>\n    <\/div>\n\t\t\t<\/div> \n\t\t<\/div>\n\t<\/div> \n\n\t<div  class=\"vc_col-sm-3 vc_col-xs-6 wpb_column column_container vc_column_container col no-extra-padding inherit_tablet inherit_phone\"  data-padding-pos=\"all\" data-has-bg-color=\"false\" data-bg-color=\"\" data-bg-opacity=\"1\" data-animation=\"\" data-delay=\"0\" >\n\t\t<div class=\"vc_column-inner\" >\n\t\t\t<div class=\"wpb_wrapper\">\n\t\t\t\t<div class=\"img-with-aniamtion-wrap center\" data-max-width=\"100%\" data-max-width-mobile=\"default\" data-shadow=\"none\" data-animation=\"none\" >\n      <div class=\"inner\">\n        <div class=\"hover-wrap\"> \n          <div class=\"hover-wrap-inner\">\n            <img loading=\"lazy\" decoding=\"async\" class=\"img-with-animation skip-lazy\" data-delay=\"0\" height=\"5000\" width=\"1044\" data-animation=\"none\" src=\"https:\/\/ak-ski.ch\/wp-content\/uploads\/2025\/09\/right-product-shot-ak-orange-speedpop-1.webp\" alt=\"AK ORANGE.SPEEDPOP Ski\" srcset=\"https:\/\/ak-ski.ch\/wp-content\/uploads\/2025\/09\/right-product-shot-ak-orange-speedpop-1.webp 1044w, https:\/\/ak-ski.ch\/wp-content\/uploads\/2025\/09\/right-product-shot-ak-orange-speedpop-1-768x3678.webp 768w, https:\/\/ak-ski.ch\/wp-content\/uploads\/2025\/09\/right-product-shot-ak-orange-speedpop-1-321x1536.webp 321w, https:\/\/ak-ski.ch\/wp-content\/uploads\/2025\/09\/right-product-shot-ak-orange-speedpop-1-600x2874.webp 600w\" sizes=\"auto, (max-width: 1044px) 100vw, 1044px\" \/>\n          <\/div>\n        <\/div>\n      <\/div>\n    <\/div>\n\t\t\t<\/div> \n\t\t<\/div>\n\t<\/div> \n<\/div><\/div>","protected":false},"excerpt":{"rendered":"ORANGE.SPEEDPOP Ich bin Deine Garantie. Die Garantie f\u00fcr Stabilit\u00e4t und Sicherheit. Egal wie schnell Du fahren willst, ich bin dabei. Pr\u00e4zises Carven liegt mir genau so gut wie gem\u00fctliches Cruisen....","protected":false},"author":1,"featured_media":0,"parent":506,"menu_order":0,"comment_status":"closed","ping_status":"closed","template":"","meta":{"footnotes":""},"ski":[28,26],"class_list":{"0":"post-567","1":"page","2":"type-page","3":"status-publish","5":"ski-black-original","6":"ski-original"},"_links":{"self":[{"href":"https:\/\/ak-ski.ch\/en\/wp-json\/wp\/v2\/pages\/567","targetHints":{"allow":["GET"]}}],"collection":[{"href":"https:\/\/ak-ski.ch\/en\/wp-json\/wp\/v2\/pages"}],"about":[{"href":"https:\/\/ak-ski.ch\/en\/wp-json\/wp\/v2\/types\/page"}],"author":[{"embeddable":true,"href":"https:\/\/ak-ski.ch\/en\/wp-json\/wp\/v2\/users\/1"}],"replies":[{"embeddable":true,"href":"https:\/\/ak-ski.ch\/en\/wp-json\/wp\/v2\/comments?post=567"}],"version-history":[{"count":6,"href":"https:\/\/ak-ski.ch\/en\/wp-json\/wp\/v2\/pages\/567\/revisions"}],"predecessor-version":[{"id":7009,"href":"https:\/\/ak-ski.ch\/en\/wp-json\/wp\/v2\/pages\/567\/revisions\/7009"}],"up":[{"embeddable":true,"href":"https:\/\/ak-ski.ch\/en\/wp-json\/wp\/v2\/pages\/506"}],"wp:attachment":[{"href":"https:\/\/ak-ski.ch\/en\/wp-json\/wp\/v2\/media?parent=567"}],"wp:term":[{"taxonomy":"ski","embeddable":true,"href":"https:\/\/ak-ski.ch\/en\/wp-json\/wp\/v2\/ski?post=567"}],"curies":[{"name":"wp","href":"https:\/\/api.w.org\/{rel}","templated":true}]}}