{"id":629,"date":"2025-09-11T16:16:44","date_gmt":"2025-09-11T14:16:44","guid":{"rendered":"https:\/\/ak-ski.ch\/?page_id=629"},"modified":"2025-09-26T11:47:34","modified_gmt":"2025-09-26T09:47:34","slug":"philosophie","status":"publish","type":"page","link":"https:\/\/ak-ski.ch\/en\/philosophie\/","title":{"rendered":"Philosophy"},"content":{"rendered":"<div id=\"fws_69eb3dbdecc73\"  data-column-margin=\"custom\" data-midnight=\"light\"  class=\"wpb_row vc_row-fluid vc_row full-width-section  reverse_columns_column_phone column-margin-4pct top_padding_phone_10px\"  style=\"padding-top: 200px; padding-bottom: 200px; \"><div class=\"row-bg-wrap\" data-bg-animation=\"none\" data-bg-animation-delay=\"\" data-bg-overlay=\"false\"><div class=\"inner-wrap row-bg-layer\" ><div class=\"row-bg viewport-desktop\"  style=\"\"><\/div><\/div><\/div><div class=\"row_col_wrap_12 col span_12 light left\">\n\t<div style=\" color: #FFFFFF;\" class=\"vc_col-sm-4 wpb_column column_container vc_column_container col nectar-sticky-column-css has-animation no-extra-padding el_spacing_30px inherit_tablet inherit_phone\" data-cfc=\"true\"  data-padding-pos=\"all\" data-has-bg-color=\"false\" data-bg-color=\"\" data-bg-opacity=\"1\" data-animation=\"fade-in\" data-delay=\"0\" >\n\t\t<div class=\"n-sticky\"><div class=\"vc_column-inner\" >\n\t\t\t<div class=\"wpb_wrapper\">\n\t\t\t\t<div class=\"nectar-responsive-text font_size_max_54px font_size_desktop_3vw font_size_tablet_5vw font_size_phone_34px font_line_height_1-1 nectar-link-underline-effect\"><h3>PHILOSOPHY<\/h3>\n<\/div><div id=\"fws_69eb3dbded8bf\" data-midnight=\"\" data-column-margin=\"default\" class=\"wpb_row vc_row-fluid vc_row inner_row\"  style=\"\"><div class=\"row-bg-wrap\"> <div class=\"row-bg\" ><\/div> <\/div><div class=\"row_col_wrap_12_inner col span_12  left\">\n\t<div  class=\"vc_col-sm-12 wpb_column column_container vc_column_container col child_column no-extra-padding el_spacing_10px inherit_tablet inherit_phone\"   data-padding-pos=\"all\" data-has-bg-color=\"false\" data-bg-color=\"\" data-bg-opacity=\"1\" data-animation=\"\" data-delay=\"0\" >\n\t\t<div class=\"vc_column-inner\" >\n\t\t<div class=\"wpb_wrapper\">\n\t\t\t<div class=\"nectar-responsive-text font_size_min_20px font_size_max_25px font_size_desktop_1-7vw font_line_height_1-2 nectar-link-underline-effect\"><p>AK stands for best quality and personal contact. We develop and build every ski as if it were for ourselves.<\/p>\n<p>An AK ski has not only the claim to look noble and timeless. An AK ski is always handmade from the best and most select materials. We use materials that only skiracers have access to. This difference is also felt by the occasional skier.<\/p>\n<p>Our small family company with short decision paths gives us the possibility to constantly develop products and materials and often to go pioneering ways. This is the small but decisive difference, which leads to breathtaking emotions and radiantly happy faces in the end.<\/p>\n<p>When you ski an AK ski or hold it in your hands and feel the joy we had in creating it, then we have achieved our goal.<\/p>\n<p>We love your feedback, because this way, you become part of the AK story.<\/p>\n<p>Skiing is art.<\/p>\n<p>Francesca &amp; Marco &amp; JP<\/p>\n<\/div>\n\t\t<\/div> \n\t<\/div>\n\t<\/div> \n<\/div><\/div>\n\t\t\t<\/div> \n\t\t<\/div><\/div>\n\t<\/div> \n\n\t<div  class=\"vc_col-sm-8 wpb_column column_container vc_column_container col nectar-sticky-column-css has-animation no-extra-padding el_spacing_20px inherit_tablet inherit_phone\"  data-padding-pos=\"all\" data-has-bg-color=\"false\" data-bg-color=\"\" data-bg-opacity=\"1\" data-animation=\"fade-in\" data-delay=\"0\" >\n\t\t<div class=\"n-sticky\"><div class=\"vc_column-inner\" >\n\t\t\t<div class=\"wpb_wrapper\">\n\t\t\t\t<div class=\"img-with-aniamtion-wrap\" data-max-width=\"100%\" data-max-width-mobile=\"default\" data-border-radius=\"20px\" data-shadow=\"none\" data-animation=\"none\" >\n      <div class=\"inner\">\n        <div class=\"hover-wrap\"> \n          <div class=\"hover-wrap-inner\">\n            <img loading=\"lazy\" decoding=\"async\" class=\"img-with-animation skip-lazy\" data-delay=\"0\" height=\"1350\" width=\"2400\" data-animation=\"none\" src=\"https:\/\/ak-ski.ch\/wp-content\/uploads\/2025\/09\/default_1.104.1.jpg\" alt=\"\" srcset=\"https:\/\/ak-ski.ch\/wp-content\/uploads\/2025\/09\/default_1.104.1.jpg 2400w, https:\/\/ak-ski.ch\/wp-content\/uploads\/2025\/09\/default_1.104.1-600x338.jpg 600w, https:\/\/ak-ski.ch\/wp-content\/uploads\/2025\/09\/default_1.104.1-300x169.jpg 300w, https:\/\/ak-ski.ch\/wp-content\/uploads\/2025\/09\/default_1.104.1-1024x576.jpg 1024w, https:\/\/ak-ski.ch\/wp-content\/uploads\/2025\/09\/default_1.104.1-768x432.jpg 768w, https:\/\/ak-ski.ch\/wp-content\/uploads\/2025\/09\/default_1.104.1-1536x864.jpg 1536w, https:\/\/ak-ski.ch\/wp-content\/uploads\/2025\/09\/default_1.104.1-2048x1152.jpg 2048w\" sizes=\"auto, (max-width: 2400px) 100vw, 2400px\" \/>\n          <\/div>\n        <\/div>\n      <\/div>\n    <\/div>\n\t\t\t<\/div> \n\t\t<\/div><\/div>\n\t<\/div> \n<\/div><\/div>","protected":false},"excerpt":{"rendered":"PHILOSOPHY AK steht f\u00fcr beste Qualit\u00e4t und den pers\u00f6nlichen Kontakt. Wir entwickeln und bauen jeden Ski als w\u00e4re er f\u00fcr uns selbst. Ein AK Ski hat nicht nur den Anspruch...","protected":false},"author":1,"featured_media":0,"parent":0,"menu_order":0,"comment_status":"closed","ping_status":"closed","template":"","meta":{"footnotes":""},"ski":[],"class_list":["post-629","page","type-page","status-publish"],"_links":{"self":[{"href":"https:\/\/ak-ski.ch\/en\/wp-json\/wp\/v2\/pages\/629","targetHints":{"allow":["GET"]}}],"collection":[{"href":"https:\/\/ak-ski.ch\/en\/wp-json\/wp\/v2\/pages"}],"about":[{"href":"https:\/\/ak-ski.ch\/en\/wp-json\/wp\/v2\/types\/page"}],"author":[{"embeddable":true,"href":"https:\/\/ak-ski.ch\/en\/wp-json\/wp\/v2\/users\/1"}],"replies":[{"embeddable":true,"href":"https:\/\/ak-ski.ch\/en\/wp-json\/wp\/v2\/comments?post=629"}],"version-history":[{"count":4,"href":"https:\/\/ak-ski.ch\/en\/wp-json\/wp\/v2\/pages\/629\/revisions"}],"predecessor-version":[{"id":633,"href":"https:\/\/ak-ski.ch\/en\/wp-json\/wp\/v2\/pages\/629\/revisions\/633"}],"wp:attachment":[{"href":"https:\/\/ak-ski.ch\/en\/wp-json\/wp\/v2\/media?parent=629"}],"wp:term":[{"taxonomy":"ski","embeddable":true,"href":"https:\/\/ak-ski.ch\/en\/wp-json\/wp\/v2\/ski?post=629"}],"curies":[{"name":"wp","href":"https:\/\/api.w.org\/{rel}","templated":true}]}}