{"id":6667,"date":"2025-09-24T13:03:29","date_gmt":"2025-09-24T11:03:29","guid":{"rendered":"https:\/\/ak-ski.ch\/?page_id=6667"},"modified":"2025-09-24T13:08:37","modified_gmt":"2025-09-24T11:08:37","slug":"mi-12-gw","status":"publish","type":"page","link":"https:\/\/ak-ski.ch\/en\/mi-12-gw\/","title":{"rendered":"MI 12 GW"},"content":{"rendered":"<div id=\"fws_6a04af9027fd6\"  data-column-margin=\"custom\" data-midnight=\"light\"  class=\"wpb_row vc_row-fluid vc_row full-width-section  column-margin-4pct top_padding_phone_10px\"  style=\"padding-top: 200px; padding-bottom: 0px; \"><div class=\"row-bg-wrap\" data-bg-animation=\"none\" data-bg-animation-delay=\"\" data-bg-overlay=\"false\"><div class=\"inner-wrap row-bg-layer\" ><div class=\"row-bg viewport-desktop\"  style=\"\"><\/div><\/div><\/div><div class=\"row_col_wrap_12 col span_12 light left\">\n\t<div style=\" color: #FFFFFF;margin-bottom: 150px; \" class=\"vc_col-sm-4 wpb_column column_container vc_column_container col nectar-sticky-column-css has-animation el_spacing_30px\" data-cfc=\"true\"  data-padding-pos=\"all\" data-has-bg-color=\"false\" data-bg-color=\"\" data-bg-opacity=\"1\" data-animation=\"fade-in\" data-delay=\"0\" >\n\t\t<div class=\"n-sticky\"><div class=\"vc_column-inner\" >\n\t\t\t<div class=\"wpb_wrapper\">\n\t\t\t\t<div class=\"nectar-responsive-text font_size_max_54px font_size_desktop_3vw font_size_tablet_5vw font_size_phone_34px font_line_height_1-1 nectar-link-underline-effect\"><h3>MI 12 GW<\/h3>\n<\/div><div id=\"fws_6a04af9028b59\" data-midnight=\"\" data-column-margin=\"default\" class=\"wpb_row vc_row-fluid vc_row inner_row\"  style=\"\"><div class=\"row-bg-wrap\"> <div class=\"row-bg\" ><\/div> <\/div><div class=\"row_col_wrap_12_inner col span_12  left\">\n\t<div  class=\"vc_col-sm-12 wpb_column column_container vc_column_container col child_column no-extra-padding el_spacing_10px inherit_tablet inherit_phone\"   data-padding-pos=\"all\" data-has-bg-color=\"false\" data-bg-color=\"\" data-bg-opacity=\"1\" data-animation=\"\" data-delay=\"0\" >\n\t\t<div class=\"vc_column-inner\" >\n\t\t<div class=\"wpb_wrapper\">\n\t\t\t<div class=\"nectar-responsive-text font_size_min_20px font_size_max_25px font_size_desktop_1-7vw font_line_height_1-2 nectar-link-underline-effect\"><p>Our MI 12 GW is especially made for us by Salomon and is specially adapted to our skis. The binding features the GripWalk system and fits perfectly on any AK ski thanks to its black look.<\/p>\n<p class=\"p1\"><strong>Price<\/strong><br \/>\nCHF 300<\/p>\n<\/div>\n\t\t<\/div> \n\t<\/div>\n\t<\/div> \n<\/div><\/div>\n\t\t\t<\/div> \n\t\t<\/div><\/div>\n\t<\/div> \n\n\t<div  class=\"vc_col-sm-8 wpb_column column_container vc_column_container col has-animation no-extra-padding el_spacing_20px inherit_tablet inherit_phone\"  data-padding-pos=\"all\" data-has-bg-color=\"false\" data-bg-color=\"\" data-bg-opacity=\"1\" data-animation=\"fade-in\" data-delay=\"0\" >\n\t\t<div class=\"vc_column-inner\" >\n\t\t\t<div class=\"wpb_wrapper\">\n\t\t\t\t<div class=\"img-with-aniamtion-wrap  custom-size\" data-max-width=\"100%\" data-max-width-mobile=\"default\" data-border-radius=\"20px\" data-shadow=\"none\" data-animation=\"none\" >\n      <div class=\"inner\">\n        <div class=\"hover-wrap\"> \n          <div class=\"hover-wrap-inner\">\n            <img loading=\"lazy\" decoding=\"async\" class=\"img-with-animation skip-lazy\" data-delay=\"0\" height=\"1486\" width=\"2261\" data-animation=\"none\" src=\"https:\/\/ak-ski.ch\/wp-content\/uploads\/2025\/09\/MI-12-GW-bindung-detail1.webp\" alt=\"\" srcset=\"https:\/\/ak-ski.ch\/wp-content\/uploads\/2025\/09\/MI-12-GW-bindung-detail1.webp 2261w, https:\/\/ak-ski.ch\/wp-content\/uploads\/2025\/09\/MI-12-GW-bindung-detail1-768x505.webp 768w, https:\/\/ak-ski.ch\/wp-content\/uploads\/2025\/09\/MI-12-GW-bindung-detail1-1536x1010.webp 1536w, https:\/\/ak-ski.ch\/wp-content\/uploads\/2025\/09\/MI-12-GW-bindung-detail1-2048x1346.webp 2048w, https:\/\/ak-ski.ch\/wp-content\/uploads\/2025\/09\/MI-12-GW-bindung-detail1-600x394.webp 600w\" sizes=\"auto, (max-width: 2261px) 100vw, 2261px\" \/>\n          <\/div>\n        <\/div>\n      <\/div>\n    <\/div><div class=\"img-with-aniamtion-wrap  custom-size\" data-max-width=\"100%\" data-max-width-mobile=\"default\" data-border-radius=\"20px\" data-shadow=\"none\" data-animation=\"none\" >\n      <div class=\"inner\">\n        <div class=\"hover-wrap\"> \n          <div class=\"hover-wrap-inner\">\n            <img loading=\"lazy\" decoding=\"async\" class=\"img-with-animation skip-lazy\" data-delay=\"0\" height=\"1486\" width=\"2261\" data-animation=\"none\" src=\"https:\/\/ak-ski.ch\/wp-content\/uploads\/2025\/09\/MI-12-GW-bindung-detail2.webp\" alt=\"\" srcset=\"https:\/\/ak-ski.ch\/wp-content\/uploads\/2025\/09\/MI-12-GW-bindung-detail2.webp 2261w, https:\/\/ak-ski.ch\/wp-content\/uploads\/2025\/09\/MI-12-GW-bindung-detail2-768x505.webp 768w, https:\/\/ak-ski.ch\/wp-content\/uploads\/2025\/09\/MI-12-GW-bindung-detail2-1536x1010.webp 1536w, https:\/\/ak-ski.ch\/wp-content\/uploads\/2025\/09\/MI-12-GW-bindung-detail2-2048x1346.webp 2048w, https:\/\/ak-ski.ch\/wp-content\/uploads\/2025\/09\/MI-12-GW-bindung-detail2-600x394.webp 600w\" sizes=\"auto, (max-width: 2261px) 100vw, 2261px\" \/>\n          <\/div>\n        <\/div>\n      <\/div>\n    <\/div><div class=\"img-with-aniamtion-wrap  custom-size\" data-max-width=\"100%\" data-max-width-mobile=\"default\" data-border-radius=\"20px\" data-shadow=\"none\" data-animation=\"none\" >\n      <div class=\"inner\">\n        <div class=\"hover-wrap\"> \n          <div class=\"hover-wrap-inner\">\n            <img loading=\"lazy\" decoding=\"async\" class=\"img-with-animation skip-lazy\" data-delay=\"0\" height=\"1486\" width=\"2261\" data-animation=\"none\" src=\"https:\/\/ak-ski.ch\/wp-content\/uploads\/2025\/09\/MI-12-GW-bindung-detail3.webp\" alt=\"\" srcset=\"https:\/\/ak-ski.ch\/wp-content\/uploads\/2025\/09\/MI-12-GW-bindung-detail3.webp 2261w, https:\/\/ak-ski.ch\/wp-content\/uploads\/2025\/09\/MI-12-GW-bindung-detail3-768x505.webp 768w, https:\/\/ak-ski.ch\/wp-content\/uploads\/2025\/09\/MI-12-GW-bindung-detail3-1536x1010.webp 1536w, https:\/\/ak-ski.ch\/wp-content\/uploads\/2025\/09\/MI-12-GW-bindung-detail3-2048x1346.webp 2048w, https:\/\/ak-ski.ch\/wp-content\/uploads\/2025\/09\/MI-12-GW-bindung-detail3-600x394.webp 600w\" sizes=\"auto, (max-width: 2261px) 100vw, 2261px\" \/>\n          <\/div>\n        <\/div>\n      <\/div>\n    <\/div>\n\t\t\t<\/div> \n\t\t<\/div>\n\t<\/div> \n<\/div><\/div>","protected":false},"excerpt":{"rendered":"MI 12 GW Unsere MI 12 GW wird von Salomon extra f\u00fcr uns angefertigt und ist speziell auf unsere Ski abgestimmt. Die Bindung verf\u00fcgt \u00fcber das GripWalk System und passt...","protected":false},"author":1,"featured_media":0,"parent":0,"menu_order":0,"comment_status":"closed","ping_status":"closed","template":"","meta":{"footnotes":""},"ski":[],"class_list":["post-6667","page","type-page","status-publish"],"_links":{"self":[{"href":"https:\/\/ak-ski.ch\/en\/wp-json\/wp\/v2\/pages\/6667","targetHints":{"allow":["GET"]}}],"collection":[{"href":"https:\/\/ak-ski.ch\/en\/wp-json\/wp\/v2\/pages"}],"about":[{"href":"https:\/\/ak-ski.ch\/en\/wp-json\/wp\/v2\/types\/page"}],"author":[{"embeddable":true,"href":"https:\/\/ak-ski.ch\/en\/wp-json\/wp\/v2\/users\/1"}],"replies":[{"embeddable":true,"href":"https:\/\/ak-ski.ch\/en\/wp-json\/wp\/v2\/comments?post=6667"}],"version-history":[{"count":7,"href":"https:\/\/ak-ski.ch\/en\/wp-json\/wp\/v2\/pages\/6667\/revisions"}],"predecessor-version":[{"id":6684,"href":"https:\/\/ak-ski.ch\/en\/wp-json\/wp\/v2\/pages\/6667\/revisions\/6684"}],"wp:attachment":[{"href":"https:\/\/ak-ski.ch\/en\/wp-json\/wp\/v2\/media?parent=6667"}],"wp:term":[{"taxonomy":"ski","embeddable":true,"href":"https:\/\/ak-ski.ch\/en\/wp-json\/wp\/v2\/ski?post=6667"}],"curies":[{"name":"wp","href":"https:\/\/api.w.org\/{rel}","templated":true}]}}