{"id":366,"date":"2025-09-04T15:52:08","date_gmt":"2025-09-04T13:52:08","guid":{"rendered":"https:\/\/ak-ski.ch\/?page_id=366"},"modified":"2025-09-26T14:56:26","modified_gmt":"2025-09-26T12:56:26","slug":"ak-black-original","status":"publish","type":"page","link":"https:\/\/ak-ski.ch\/fr\/ak-original\/ak-black-original\/","title":{"rendered":"BLACK.ORIGINAL"},"content":{"rendered":"<div id=\"fws_69e4cdac886fa\"  data-column-margin=\"40px\" data-midnight=\"dark\"  class=\"wpb_row vc_row-fluid vc_row vc_row-o-equal-height vc_row-flex  top_padding_phone_50px bottom_padding_phone_20px\"  style=\"padding-top: 200px; padding-bottom: 0px; \"><div class=\"row-bg-wrap\" data-bg-animation=\"none\" data-bg-animation-delay=\"\" data-bg-overlay=\"false\"><div class=\"inner-wrap row-bg-layer\" ><div class=\"row-bg viewport-desktop\"  style=\"\"><\/div><\/div><\/div><div class=\"row_col_wrap_12 col span_12 dark left\">\n\t<div  class=\"vc_col-sm-6 wpb_column column_container vc_column_container col nectar-sticky-column-css has-animation no-extra-padding el_spacing_30px inherit_tablet inherit_phone\"  data-padding-pos=\"all\" data-has-bg-color=\"false\" data-bg-color=\"\" data-bg-opacity=\"1\" data-animation=\"fade-in\" data-delay=\"0\" >\n\t\t<div class=\"n-sticky\"><div class=\"vc_column-inner\" >\n\t\t\t<div class=\"wpb_wrapper\">\n\t\t\t\t<div class=\"nectar-responsive-text font_size_max_54px font_size_desktop_3vw font_size_tablet_5vw font_size_phone_34px font_line_height_1-1 nectar-link-underline-effect\" style=\"color: #FFFFFF;\"><h3>BLACK.ORIGINAL<\/h3>\n<\/div><div id=\"fws_69e4cdac89910\" data-midnight=\"\" data-column-margin=\"default\" class=\"wpb_row vc_row-fluid vc_row inner_row\"  style=\"\"><div class=\"row-bg-wrap\"> <div class=\"row-bg\" ><\/div> <\/div><div class=\"row_col_wrap_12_inner col span_12  left\">\n\t<div style=\" color: #FFFFFF;\" class=\"vc_col-sm-12 wpb_column column_container vc_column_container col child_column no-extra-padding el_spacing_10px inherit_tablet inherit_phone\" data-cfc=\"true\"  data-padding-pos=\"all\" data-has-bg-color=\"false\" data-bg-color=\"\" data-bg-opacity=\"1\" data-animation=\"\" data-delay=\"0\" >\n\t\t<div class=\"vc_column-inner\" >\n\t\t<div class=\"wpb_wrapper\">\n\t\t\t<div class=\"nectar-responsive-text nectar-link-underline-effect\"><p class=\"font_8\"><strong>JE suis le ski de slalom.<\/strong><\/p>\n<p class=\"font_8\">Les virages de Carving serr\u00e9s sont ma passion. Si tu me skies en petite taille, je suis un feu d\u2018artifices. Si tu me skies en plus long, je reste quand m\u00eame tr\u00e8s agile. Je te promets \u00e9norm\u00e9ment de fun et beaucoup de s\u00e9curit\u00e9 m\u00eame par grande vitesse.<\/p>\n<p class=\"font_8\">Back in BLACK.<\/p>\n<p class=\"font_8\"><strong>Longueurs<\/strong><br \/>\n152 \/ 159 \/ 165 \/ 170 \/ 176 cm<\/p>\n<p class=\"font_8\"><strong>Pointe \/ Patin \/ Talon<br \/>\n<\/strong>124.5 \/ 69 \/ 108.5 mm<\/p>\n<p class=\"font_8\"><strong>Rayon (165)<br \/>\n<\/strong>11 m<\/p>\n<p class=\"font_8\"><strong>Chants<br \/>\n<\/strong>Black<\/p>\n<p><strong>Prix<br \/>\n<\/strong>CHF 1550 (excl. Binding)<\/p>\n<\/div>\n\t\t<\/div> \n\t<\/div>\n\t<\/div> \n<\/div><\/div><div id=\"fws_69e4cdac8a86f\" data-midnight=\"\" data-column-margin=\"default\" class=\"wpb_row vc_row-fluid vc_row inner_row\"  style=\"\"><div class=\"row-bg-wrap\"> <div class=\"row-bg\" ><\/div> <\/div><div class=\"row_col_wrap_12_inner col span_12  left\">\n\t<div style=\" color: #FFFFFF;\" class=\"vc_col-sm-12 wpb_column column_container vc_column_container col child_column no-extra-padding el_spacing_10px inherit_tablet inherit_phone\" data-cfc=\"true\"  data-padding-pos=\"all\" data-has-bg-color=\"false\" data-bg-color=\"\" data-bg-opacity=\"1\" data-animation=\"\" data-delay=\"0\" >\n\t\t<div class=\"vc_column-inner\" >\n\t\t<div class=\"wpb_wrapper\">\n\t\t\t\n<div class=\"wpb_text_column wpb_content_element\" >\n\t<div class=\"wpb_wrapper\">\n\t\t\t<a class=\"paoc-popup-click paoc-popup-cust-6202 paoc-popup-button paoc-popup-btn popupaoc-white\" href=\"javascript:void(0);\">Demande<\/a>\r\n\n\t<\/div>\n<\/div>\n\n\n\n\n\t\t<\/div> \n\t<\/div>\n\t<\/div> \n<\/div><\/div>\n\t\t\t<\/div> \n\t\t<\/div><\/div>\n\t<\/div> \n\n\t<div  class=\"vc_col-sm-3 vc_col-xs-6 wpb_column column_container vc_column_container col has-animation no-extra-padding el_spacing_20px inherit_tablet inherit_phone\"  data-padding-pos=\"all\" data-has-bg-color=\"false\" data-bg-color=\"\" data-bg-opacity=\"1\" data-animation=\"fade-in\" data-delay=\"0\" >\n\t\t<div class=\"vc_column-inner\" >\n\t\t\t<div class=\"wpb_wrapper\">\n\t\t\t\t<div class=\"img-with-aniamtion-wrap center\" data-max-width=\"100%\" data-max-width-mobile=\"default\" data-shadow=\"none\" data-animation=\"none\" >\n      <div class=\"inner\">\n        <div class=\"hover-wrap\"> \n          <div class=\"hover-wrap-inner\">\n            <img loading=\"lazy\" decoding=\"async\" class=\"img-with-animation skip-lazy\" data-delay=\"0\" height=\"5000\" width=\"1044\" data-animation=\"none\" src=\"https:\/\/ak-ski.ch\/wp-content\/uploads\/2025\/09\/left-product-shot-ak-black-original.webp\" alt=\"AK BLACK.ORIGINAL Ski\" srcset=\"https:\/\/ak-ski.ch\/wp-content\/uploads\/2025\/09\/left-product-shot-ak-black-original.webp 1044w, https:\/\/ak-ski.ch\/wp-content\/uploads\/2025\/09\/left-product-shot-ak-black-original-768x3678.webp 768w, https:\/\/ak-ski.ch\/wp-content\/uploads\/2025\/09\/left-product-shot-ak-black-original-321x1536.webp 321w, https:\/\/ak-ski.ch\/wp-content\/uploads\/2025\/09\/left-product-shot-ak-black-original-600x2874.webp 600w\" sizes=\"auto, (max-width: 1044px) 100vw, 1044px\" \/>\n          <\/div>\n        <\/div>\n      <\/div>\n    <\/div>\n\t\t\t<\/div> \n\t\t<\/div>\n\t<\/div> \n\n\t<div  class=\"vc_col-sm-3 vc_col-xs-6 wpb_column column_container vc_column_container col no-extra-padding inherit_tablet inherit_phone\"  data-padding-pos=\"all\" data-has-bg-color=\"false\" data-bg-color=\"\" data-bg-opacity=\"1\" data-animation=\"\" data-delay=\"0\" >\n\t\t<div class=\"vc_column-inner\" >\n\t\t\t<div class=\"wpb_wrapper\">\n\t\t\t\t<div class=\"img-with-aniamtion-wrap center\" data-max-width=\"100%\" data-max-width-mobile=\"default\" data-shadow=\"none\" data-animation=\"none\" >\n      <div class=\"inner\">\n        <div class=\"hover-wrap\"> \n          <div class=\"hover-wrap-inner\">\n            <img loading=\"lazy\" decoding=\"async\" class=\"img-with-animation skip-lazy\" data-delay=\"0\" height=\"5000\" width=\"1044\" data-animation=\"none\" src=\"https:\/\/ak-ski.ch\/wp-content\/uploads\/2025\/09\/right-product-shot-ak-black-original-2.webp\" alt=\"AK BLACK.ORIGINAL Ski\" srcset=\"https:\/\/ak-ski.ch\/wp-content\/uploads\/2025\/09\/right-product-shot-ak-black-original-2.webp 1044w, https:\/\/ak-ski.ch\/wp-content\/uploads\/2025\/09\/right-product-shot-ak-black-original-2-768x3678.webp 768w, https:\/\/ak-ski.ch\/wp-content\/uploads\/2025\/09\/right-product-shot-ak-black-original-2-321x1536.webp 321w, https:\/\/ak-ski.ch\/wp-content\/uploads\/2025\/09\/right-product-shot-ak-black-original-2-600x2874.webp 600w\" sizes=\"auto, (max-width: 1044px) 100vw, 1044px\" \/>\n          <\/div>\n        <\/div>\n      <\/div>\n    <\/div>\n\t\t\t<\/div> \n\t\t<\/div>\n\t<\/div> \n<\/div><\/div>","protected":false},"excerpt":{"rendered":"BLACK.ORIGINAL Ich bin der Slalomski. Enge Carvingturns sind meine Leidenschaft. F\u00e4hrst Du mich in kurzer L\u00e4nge, starte ich ein Feuerwerk. F\u00e4hrst Du mich lang, bin ich trotzdem sehr wendig. Ich...","protected":false},"author":1,"featured_media":460,"parent":359,"menu_order":0,"comment_status":"closed","ping_status":"closed","template":"","meta":{"footnotes":""},"ski":[28,26],"class_list":{"0":"post-366","1":"page","2":"type-page","3":"status-publish","4":"has-post-thumbnail","6":"ski-black-original","7":"ski-original"},"_links":{"self":[{"href":"https:\/\/ak-ski.ch\/fr\/wp-json\/wp\/v2\/pages\/366","targetHints":{"allow":["GET"]}}],"collection":[{"href":"https:\/\/ak-ski.ch\/fr\/wp-json\/wp\/v2\/pages"}],"about":[{"href":"https:\/\/ak-ski.ch\/fr\/wp-json\/wp\/v2\/types\/page"}],"author":[{"embeddable":true,"href":"https:\/\/ak-ski.ch\/fr\/wp-json\/wp\/v2\/users\/1"}],"replies":[{"embeddable":true,"href":"https:\/\/ak-ski.ch\/fr\/wp-json\/wp\/v2\/comments?post=366"}],"version-history":[{"count":18,"href":"https:\/\/ak-ski.ch\/fr\/wp-json\/wp\/v2\/pages\/366\/revisions"}],"predecessor-version":[{"id":7001,"href":"https:\/\/ak-ski.ch\/fr\/wp-json\/wp\/v2\/pages\/366\/revisions\/7001"}],"up":[{"embeddable":true,"href":"https:\/\/ak-ski.ch\/fr\/wp-json\/wp\/v2\/pages\/359"}],"wp:featuredmedia":[{"embeddable":true,"href":"https:\/\/ak-ski.ch\/fr\/wp-json\/wp\/v2\/media\/460"}],"wp:attachment":[{"href":"https:\/\/ak-ski.ch\/fr\/wp-json\/wp\/v2\/media?parent=366"}],"wp:term":[{"taxonomy":"ski","embeddable":true,"href":"https:\/\/ak-ski.ch\/fr\/wp-json\/wp\/v2\/ski?post=366"}],"curies":[{"name":"wp","href":"https:\/\/api.w.org\/{rel}","templated":true}]}}