{"id":588,"date":"2025-09-11T15:02:53","date_gmt":"2025-09-11T13:02:53","guid":{"rendered":"https:\/\/ak-ski.ch\/?page_id=588"},"modified":"2025-09-26T15:10:51","modified_gmt":"2025-09-26T13:10:51","slug":"skin","status":"publish","type":"page","link":"https:\/\/ak-ski.ch\/fr\/skin\/","title":{"rendered":"AK.skiN"},"content":{"rendered":"<div id=\"fws_69e4a19d2b723\"  data-column-margin=\"custom\" data-midnight=\"light\"  class=\"wpb_row vc_row-fluid vc_row full-width-section  reverse_columns_column_phone column-margin-4pct top_padding_phone_10px\"  style=\"padding-top: 200px; padding-bottom: 0px; \"><div class=\"row-bg-wrap\" data-bg-animation=\"none\" data-bg-animation-delay=\"\" data-bg-overlay=\"false\"><div class=\"inner-wrap row-bg-layer\" ><div class=\"row-bg viewport-desktop\"  style=\"\"><\/div><\/div><\/div><div class=\"row_col_wrap_12 col span_12 light left\">\n\t<div style=\" color: #FFFFFF;\" class=\"vc_col-sm-4 wpb_column column_container vc_column_container col nectar-sticky-column-css has-animation no-extra-padding el_spacing_30px inherit_tablet inherit_phone\" data-cfc=\"true\"  data-padding-pos=\"all\" data-has-bg-color=\"false\" data-bg-color=\"\" data-bg-opacity=\"1\" data-animation=\"fade-in\" data-delay=\"0\" >\n\t\t<div class=\"n-sticky\"><div class=\"vc_column-inner\" >\n\t\t\t<div class=\"wpb_wrapper\">\n\t\t\t\t<div class=\"nectar-responsive-text font_size_max_54px font_size_desktop_3vw font_size_tablet_5vw font_size_phone_34px font_line_height_1-1 nectar-link-underline-effect\"><h3>AK.skiN<\/h3>\n<\/div><div id=\"fws_69e4a19d2c3ab\" data-midnight=\"\" data-column-margin=\"default\" class=\"wpb_row vc_row-fluid vc_row inner_row\"  style=\"\"><div class=\"row-bg-wrap\"> <div class=\"row-bg\" ><\/div> <\/div><div class=\"row_col_wrap_12_inner col span_12  left\">\n\t<div  class=\"vc_col-sm-12 wpb_column column_container vc_column_container col child_column no-extra-padding el_spacing_10px inherit_tablet inherit_phone\"   data-padding-pos=\"all\" data-has-bg-color=\"false\" data-bg-color=\"\" data-bg-opacity=\"1\" data-animation=\"\" data-delay=\"0\" >\n\t\t<div class=\"vc_column-inner\" >\n\t\t<div class=\"wpb_wrapper\">\n\t\t\t<div class=\"nectar-responsive-text font_size_min_20px font_size_max_25px font_size_desktop_1-7vw font_line_height_1-2 nectar-link-underline-effect\"><p>C\u2019est lors d\u2019une exp\u00e9rience technologique pendant le d\u00e9veloppement du nouvel elastAK que nous sommes tomb\u00e9s sur cet effet \u201cpeau de fourrure\u201d. C\u2019est ce qui a ensuite amen\u00e9 \u00e0 elastAK skiN. Nous avons encore le souffle coup\u00e9 \u00e0 la simple pens\u00e9e des derniers essais que nous avons r\u00e9alis\u00e9s. Aucun ski n\u2019a jamais \u00e9t\u00e9 aussi stable et calme tout en \u00e9tant agile et vif \u00e0 la fois.<\/p>\n<p>AK.skiN, le nouveau ski.<\/p>\n<\/div>\n\t\t<\/div> \n\t<\/div>\n\t<\/div> \n<\/div><\/div>\n\t\t\t<\/div> \n\t\t<\/div><\/div>\n\t<\/div> \n\n\t<div  class=\"vc_col-sm-8 wpb_column column_container vc_column_container col has-animation no-extra-padding el_spacing_20px inherit_tablet inherit_phone\"  data-padding-pos=\"all\" data-has-bg-color=\"false\" data-bg-color=\"\" data-bg-opacity=\"1\" data-animation=\"fade-in\" data-delay=\"0\" >\n\t\t<div class=\"vc_column-inner\" >\n\t\t\t<div class=\"wpb_wrapper\">\n\t\t\t\t<div class=\"img-with-aniamtion-wrap\" data-max-width=\"100%\" data-max-width-mobile=\"default\" data-border-radius=\"20px\" data-shadow=\"none\" data-animation=\"none\" >\n      <div class=\"inner\">\n        <div class=\"hover-wrap\"> \n          <div class=\"hover-wrap-inner\">\n            <img loading=\"lazy\" decoding=\"async\" class=\"img-with-animation skip-lazy\" data-delay=\"0\" height=\"1687\" width=\"3000\" data-animation=\"none\" src=\"https:\/\/ak-ski.ch\/wp-content\/uploads\/2025\/09\/SKIN-2025-DSCF1539-Kopie.webp\" alt=\"\" srcset=\"https:\/\/ak-ski.ch\/wp-content\/uploads\/2025\/09\/SKIN-2025-DSCF1539-Kopie.webp 3000w, https:\/\/ak-ski.ch\/wp-content\/uploads\/2025\/09\/SKIN-2025-DSCF1539-Kopie-768x432.webp 768w, https:\/\/ak-ski.ch\/wp-content\/uploads\/2025\/09\/SKIN-2025-DSCF1539-Kopie-1536x864.webp 1536w, https:\/\/ak-ski.ch\/wp-content\/uploads\/2025\/09\/SKIN-2025-DSCF1539-Kopie-2048x1152.webp 2048w, https:\/\/ak-ski.ch\/wp-content\/uploads\/2025\/09\/SKIN-2025-DSCF1539-Kopie-600x337.webp 600w\" sizes=\"auto, (max-width: 3000px) 100vw, 3000px\" \/>\n          <\/div>\n        <\/div>\n      <\/div>\n    <\/div>\n\t\t\t<\/div> \n\t\t<\/div>\n\t<\/div> \n<\/div><\/div>\n\t\t<div id=\"fws_69e4a19d2db16\"  data-column-margin=\"40px\" data-midnight=\"light\"  class=\"wpb_row vc_row-fluid vc_row vc_row-o-equal-height vc_row-flex  top_padding_phone_50px bottom_padding_phone_20px\"  style=\"padding-top: 200px; padding-bottom: 0px; \"><div class=\"row-bg-wrap\" data-bg-animation=\"none\" data-bg-animation-delay=\"\" data-bg-overlay=\"false\"><div class=\"inner-wrap row-bg-layer\" ><div class=\"row-bg viewport-desktop\"  style=\"\"><\/div><\/div><\/div><div class=\"row_col_wrap_12 col span_12 light left\">\n\t<div  class=\"vc_col-sm-6 wpb_column column_container vc_column_container col nectar-sticky-column-css has-animation no-extra-padding el_spacing_30px inherit_tablet inherit_phone\"  data-padding-pos=\"all\" data-has-bg-color=\"false\" data-bg-color=\"\" data-bg-opacity=\"1\" data-animation=\"fade-in\" data-delay=\"0\" >\n\t\t<div class=\"n-sticky\"><div class=\"vc_column-inner\" >\n\t\t\t<div class=\"wpb_wrapper\">\n\t\t\t\t<div id=\"fws_69e4a19d2e224\" data-midnight=\"\" data-column-margin=\"default\" class=\"wpb_row vc_row-fluid vc_row inner_row\"  style=\"\"><div class=\"row-bg-wrap\"> <div class=\"row-bg\" ><\/div> <\/div><div class=\"row_col_wrap_12_inner col span_12  left\">\n\t<div style=\" color: #FFFFFF;\" class=\"vc_col-sm-12 wpb_column column_container vc_column_container col child_column no-extra-padding el_spacing_10px inherit_tablet inherit_phone\" data-cfc=\"true\"  data-padding-pos=\"all\" data-has-bg-color=\"false\" data-bg-color=\"\" data-bg-opacity=\"1\" data-animation=\"\" data-delay=\"0\" >\n\t\t<div class=\"vc_column-inner\" >\n\t\t<div class=\"wpb_wrapper\">\n\t\t\t<div class=\"nectar-responsive-text nectar-link-underline-effect\"><p class=\"font_8\"><strong>Je suis la r\u00e9volution.<\/strong><\/p>\n<p class=\"font_8 translation-block\">Avec moi, skier va t\u2019emmener dans une nouvelle dimension. Il n\u2019y a jamais eu jusqu\u2019ici de skis de slalom aussi stables et joueurs \u00e0 la fois. Ma surface attire les regards et m\u2019apporte la tranquillit\u00e9 n\u00e9cessaire. Tu verras, que ce soit visuellement ou en termes de skiabilit\u00e9, c\u2019est moi la nouvelle sensation.<\/p>\n<p class=\"font_8\">skiN - escape reality<\/p>\n<p class=\"font_8\"><strong>Longueurs<\/strong><br \/>\n152 \/ 159 \/ 165 \/ 170 \/ 176 cm<\/p>\n<p class=\"font_8\"><strong>Pointe \/ Patin \/ Talon<\/strong><br \/>\n124.5 \/ 69 \/ 108.5 mm<\/p>\n<p class=\"font_8\"><strong>Rayon (165)<\/strong><br \/>\n11 m<\/p>\n<p class=\"font_8\"><strong>Chants<\/strong><br \/>\nBlack<\/p>\n<p><strong>Prix<br \/>\n<\/strong>CHF 1600 (excl. Binding)<\/p>\n<\/div>\n\t\t<\/div> \n\t<\/div>\n\t<\/div> \n<\/div><\/div><div id=\"fws_69e4a19d2ea2d\" data-midnight=\"\" data-column-margin=\"default\" class=\"wpb_row vc_row-fluid vc_row inner_row\"  style=\"\"><div class=\"row-bg-wrap\"> <div class=\"row-bg\" ><\/div> <\/div><div class=\"row_col_wrap_12_inner col span_12  left\">\n\t<div style=\" color: #FFFFFF;\" class=\"vc_col-sm-12 wpb_column column_container vc_column_container col child_column no-extra-padding el_spacing_10px inherit_tablet inherit_phone\" data-cfc=\"true\"  data-padding-pos=\"all\" data-has-bg-color=\"false\" data-bg-color=\"\" data-bg-opacity=\"1\" data-animation=\"\" data-delay=\"0\" >\n\t\t<div class=\"vc_column-inner\" >\n\t\t<div class=\"wpb_wrapper\">\n\t\t\t\n<div class=\"wpb_text_column wpb_content_element\" >\n\t<div class=\"wpb_wrapper\">\n\t\t\t<a class=\"paoc-popup-click paoc-popup-cust-6202 paoc-popup-button paoc-popup-btn popupaoc-white\" href=\"javascript:void(0);\">Demande<\/a>\r\n\n\t<\/div>\n<\/div>\n\n\n\n\n\t\t<\/div> \n\t<\/div>\n\t<\/div> \n<\/div><\/div>\n\t\t\t<\/div> \n\t\t<\/div><\/div>\n\t<\/div> \n\n\t<div  class=\"vc_col-sm-3 vc_col-xs-6 wpb_column column_container vc_column_container col has-animation no-extra-padding el_spacing_20px inherit_tablet inherit_phone\"  data-padding-pos=\"all\" data-has-bg-color=\"false\" data-bg-color=\"\" data-bg-opacity=\"1\" data-animation=\"fade-in\" data-delay=\"0\" >\n\t\t<div class=\"vc_column-inner\" >\n\t\t\t<div class=\"wpb_wrapper\">\n\t\t\t\t<div class=\"img-with-aniamtion-wrap center\" data-max-width=\"100%\" data-max-width-mobile=\"default\" data-shadow=\"none\" data-animation=\"none\" >\n      <div class=\"inner\">\n        <div class=\"hover-wrap\"> \n          <div class=\"hover-wrap-inner\">\n            <img loading=\"lazy\" decoding=\"async\" class=\"img-with-animation skip-lazy\" data-delay=\"0\" height=\"5000\" width=\"1044\" data-animation=\"none\" src=\"https:\/\/ak-ski.ch\/wp-content\/uploads\/2025\/09\/left-product-shot-ak-skin-1.webp\" alt=\"\" srcset=\"https:\/\/ak-ski.ch\/wp-content\/uploads\/2025\/09\/left-product-shot-ak-skin-1.webp 1044w, https:\/\/ak-ski.ch\/wp-content\/uploads\/2025\/09\/left-product-shot-ak-skin-1-768x3678.webp 768w, https:\/\/ak-ski.ch\/wp-content\/uploads\/2025\/09\/left-product-shot-ak-skin-1-321x1536.webp 321w, https:\/\/ak-ski.ch\/wp-content\/uploads\/2025\/09\/left-product-shot-ak-skin-1-600x2874.webp 600w\" sizes=\"auto, (max-width: 1044px) 100vw, 1044px\" \/>\n          <\/div>\n        <\/div>\n      <\/div>\n    <\/div>\n\t\t\t<\/div> \n\t\t<\/div>\n\t<\/div> \n\n\t<div  class=\"vc_col-sm-3 vc_col-xs-6 wpb_column column_container vc_column_container col no-extra-padding inherit_tablet inherit_phone\"  data-padding-pos=\"all\" data-has-bg-color=\"false\" data-bg-color=\"\" data-bg-opacity=\"1\" data-animation=\"\" data-delay=\"0\" >\n\t\t<div class=\"vc_column-inner\" >\n\t\t\t<div class=\"wpb_wrapper\">\n\t\t\t\t<div class=\"img-with-aniamtion-wrap center\" data-max-width=\"100%\" data-max-width-mobile=\"default\" data-shadow=\"none\" data-animation=\"none\" >\n      <div class=\"inner\">\n        <div class=\"hover-wrap\"> \n          <div class=\"hover-wrap-inner\">\n            <img loading=\"lazy\" decoding=\"async\" class=\"img-with-animation skip-lazy\" data-delay=\"0\" height=\"5000\" width=\"1044\" data-animation=\"none\" src=\"https:\/\/ak-ski.ch\/wp-content\/uploads\/2025\/09\/right-product-shot-ak-skin-1.webp\" alt=\"\" srcset=\"https:\/\/ak-ski.ch\/wp-content\/uploads\/2025\/09\/right-product-shot-ak-skin-1.webp 1044w, https:\/\/ak-ski.ch\/wp-content\/uploads\/2025\/09\/right-product-shot-ak-skin-1-768x3678.webp 768w, https:\/\/ak-ski.ch\/wp-content\/uploads\/2025\/09\/right-product-shot-ak-skin-1-321x1536.webp 321w, https:\/\/ak-ski.ch\/wp-content\/uploads\/2025\/09\/right-product-shot-ak-skin-1-600x2874.webp 600w\" sizes=\"auto, (max-width: 1044px) 100vw, 1044px\" \/>\n          <\/div>\n        <\/div>\n      <\/div>\n    <\/div>\n\t\t\t<\/div> \n\t\t<\/div>\n\t<\/div> \n<\/div><\/div>","protected":false},"excerpt":{"rendered":"AK.skiN Bei der Entwicklung des neuen elastAK sind wir w\u00e4hrend einem technologischen Versuch auf diese Felloptik gestossen. Die Weiterentwicklung davon ist elastAK skiN. Beim Gedanken an die letzten Testfahrten stockt...","protected":false},"author":1,"featured_media":0,"parent":0,"menu_order":0,"comment_status":"closed","ping_status":"closed","template":"","meta":{"footnotes":""},"ski":[28,26],"class_list":{"0":"post-588","1":"page","2":"type-page","3":"status-publish","5":"ski-black-original","6":"ski-original"},"_links":{"self":[{"href":"https:\/\/ak-ski.ch\/fr\/wp-json\/wp\/v2\/pages\/588","targetHints":{"allow":["GET"]}}],"collection":[{"href":"https:\/\/ak-ski.ch\/fr\/wp-json\/wp\/v2\/pages"}],"about":[{"href":"https:\/\/ak-ski.ch\/fr\/wp-json\/wp\/v2\/types\/page"}],"author":[{"embeddable":true,"href":"https:\/\/ak-ski.ch\/fr\/wp-json\/wp\/v2\/users\/1"}],"replies":[{"embeddable":true,"href":"https:\/\/ak-ski.ch\/fr\/wp-json\/wp\/v2\/comments?post=588"}],"version-history":[{"count":13,"href":"https:\/\/ak-ski.ch\/fr\/wp-json\/wp\/v2\/pages\/588\/revisions"}],"predecessor-version":[{"id":7013,"href":"https:\/\/ak-ski.ch\/fr\/wp-json\/wp\/v2\/pages\/588\/revisions\/7013"}],"wp:attachment":[{"href":"https:\/\/ak-ski.ch\/fr\/wp-json\/wp\/v2\/media?parent=588"}],"wp:term":[{"taxonomy":"ski","embeddable":true,"href":"https:\/\/ak-ski.ch\/fr\/wp-json\/wp\/v2\/ski?post=588"}],"curies":[{"name":"wp","href":"https:\/\/api.w.org\/{rel}","templated":true}]}}