{"id":600,"date":"2025-09-11T15:18:14","date_gmt":"2025-09-11T13:18:14","guid":{"rendered":"https:\/\/ak-ski.ch\/?page_id=600"},"modified":"2025-09-26T11:51:11","modified_gmt":"2025-09-26T09:51:11","slug":"diamond-30years","status":"publish","type":"page","link":"https:\/\/ak-ski.ch\/fr\/diamond-30years\/","title":{"rendered":"DIAMOND.30YEARS"},"content":{"rendered":"<div id=\"fws_6a049fc43ca10\"  data-column-margin=\"custom\" data-midnight=\"light\"  class=\"wpb_row vc_row-fluid vc_row full-width-section  reverse_columns_column_phone column-margin-4pct top_padding_phone_10px\"  style=\"padding-top: 200px; padding-bottom: 0px; \"><div class=\"row-bg-wrap\" data-bg-animation=\"none\" data-bg-animation-delay=\"\" data-bg-overlay=\"false\"><div class=\"inner-wrap row-bg-layer\" ><div class=\"row-bg viewport-desktop\"  style=\"\"><\/div><\/div><\/div><div class=\"row_col_wrap_12 col span_12 light left\">\n\t<div style=\" color: #FFFFFF;\" class=\"vc_col-sm-4 wpb_column column_container vc_column_container col nectar-sticky-column-css has-animation no-extra-padding el_spacing_30px inherit_tablet inherit_phone\" data-cfc=\"true\"  data-padding-pos=\"all\" data-has-bg-color=\"false\" data-bg-color=\"\" data-bg-opacity=\"1\" data-animation=\"fade-in\" data-delay=\"0\" >\n\t\t<div class=\"n-sticky\"><div class=\"vc_column-inner\" >\n\t\t\t<div class=\"wpb_wrapper\">\n\t\t\t\t<div class=\"nectar-responsive-text font_size_max_54px font_size_desktop_3vw font_size_tablet_5vw font_size_phone_34px font_line_height_1-1 nectar-link-underline-effect\" style=\"color: #FFFFFF;\"><h3>DIAMOND.30YEARS<\/h3>\n<\/div><div id=\"fws_6a049fc43d860\" data-midnight=\"\" data-column-margin=\"default\" class=\"wpb_row vc_row-fluid vc_row inner_row\"  style=\"\"><div class=\"row-bg-wrap\"> <div class=\"row-bg\" ><\/div> <\/div><div class=\"row_col_wrap_12_inner col span_12  left\">\n\t<div  class=\"vc_col-sm-12 wpb_column column_container vc_column_container col child_column no-extra-padding el_spacing_10px inherit_tablet inherit_phone\"   data-padding-pos=\"all\" data-has-bg-color=\"false\" data-bg-color=\"\" data-bg-opacity=\"1\" data-animation=\"\" data-delay=\"0\" >\n\t\t<div class=\"vc_column-inner\" >\n\t\t<div class=\"wpb_wrapper\">\n\t\t\t<div class=\"nectar-responsive-text font_size_min_20px font_size_max_25px font_size_desktop_1-7vw font_line_height_1-2 nectar-link-underline-effect\"><p>Pour notre anniversaire des 30 ans d\u2019AK SKI, nous faisons briller les choses ! Avec un ski ultra limit\u00e9 comme on n\u2019en a jamais vu.<\/p>\n<\/div>\n\t\t<\/div> \n\t<\/div>\n\t<\/div> \n<\/div><\/div>\n\t\t\t<\/div> \n\t\t<\/div><\/div>\n\t<\/div> \n\n\t<div  class=\"vc_col-sm-8 wpb_column column_container vc_column_container col has-animation no-extra-padding el_spacing_20px inherit_tablet inherit_phone\"  data-padding-pos=\"all\" data-has-bg-color=\"false\" data-bg-color=\"\" data-bg-opacity=\"1\" data-animation=\"fade-in\" data-delay=\"0\" >\n\t\t<div class=\"vc_column-inner\" >\n\t\t\t<div class=\"wpb_wrapper\">\n\t\t\t\t<div class=\"img-with-aniamtion-wrap\" data-max-width=\"100%\" data-max-width-mobile=\"default\" data-border-radius=\"20px\" data-shadow=\"none\" data-animation=\"none\" >\n      <div class=\"inner\">\n        <div class=\"hover-wrap\"> \n          <div class=\"hover-wrap-inner\">\n            <img loading=\"lazy\" decoding=\"async\" class=\"img-with-animation skip-lazy\" data-delay=\"0\" height=\"1687\" width=\"3000\" data-animation=\"none\" src=\"https:\/\/ak-ski.ch\/wp-content\/uploads\/2025\/09\/diamond-titelbild.webp\" alt=\"\" srcset=\"https:\/\/ak-ski.ch\/wp-content\/uploads\/2025\/09\/diamond-titelbild.webp 3000w, https:\/\/ak-ski.ch\/wp-content\/uploads\/2025\/09\/diamond-titelbild-768x432.webp 768w, https:\/\/ak-ski.ch\/wp-content\/uploads\/2025\/09\/diamond-titelbild-1536x864.webp 1536w, https:\/\/ak-ski.ch\/wp-content\/uploads\/2025\/09\/diamond-titelbild-2048x1152.webp 2048w, https:\/\/ak-ski.ch\/wp-content\/uploads\/2025\/09\/diamond-titelbild-600x337.webp 600w\" sizes=\"auto, (max-width: 3000px) 100vw, 3000px\" \/>\n          <\/div>\n        <\/div>\n      <\/div>\n    <\/div>\n\t\t\t<\/div> \n\t\t<\/div>\n\t<\/div> \n<\/div><\/div>\n\t\t<div id=\"fws_6a049fc43f7c0\"  data-column-margin=\"40px\" data-midnight=\"light\"  class=\"wpb_row vc_row-fluid vc_row vc_row-o-equal-height vc_row-flex  top_padding_phone_50px bottom_padding_phone_20px\"  style=\"padding-top: 200px; padding-bottom: 0px; \"><div class=\"row-bg-wrap\" data-bg-animation=\"none\" data-bg-animation-delay=\"\" data-bg-overlay=\"false\"><div class=\"inner-wrap row-bg-layer\" ><div class=\"row-bg viewport-desktop\"  style=\"\"><\/div><\/div><\/div><div class=\"row_col_wrap_12 col span_12 light left\">\n\t<div  class=\"vc_col-sm-6 wpb_column column_container vc_column_container col nectar-sticky-column-css has-animation no-extra-padding el_spacing_30px inherit_tablet inherit_phone\"  data-padding-pos=\"all\" data-has-bg-color=\"false\" data-bg-color=\"\" data-bg-opacity=\"1\" data-animation=\"fade-in\" data-delay=\"0\" >\n\t\t<div class=\"n-sticky\"><div class=\"vc_column-inner\" >\n\t\t\t<div class=\"wpb_wrapper\">\n\t\t\t\t<div id=\"fws_6a049fc440111\" data-midnight=\"\" data-column-margin=\"default\" class=\"wpb_row vc_row-fluid vc_row inner_row\"  style=\"\"><div class=\"row-bg-wrap\"> <div class=\"row-bg\" ><\/div> <\/div><div class=\"row_col_wrap_12_inner col span_12  left\">\n\t<div style=\" color: #FFFFFF;\" class=\"vc_col-sm-12 wpb_column column_container vc_column_container col child_column no-extra-padding el_spacing_10px inherit_tablet inherit_phone\" data-cfc=\"true\"  data-padding-pos=\"all\" data-has-bg-color=\"false\" data-bg-color=\"\" data-bg-opacity=\"1\" data-animation=\"\" data-delay=\"0\" >\n\t\t<div class=\"vc_column-inner\" >\n\t\t<div class=\"wpb_wrapper\">\n\t\t\t<div class=\"nectar-responsive-text nectar-link-underline-effect\"><p><strong>Je suis la star.<\/strong><\/p>\n<p class=\"p1\">Avec moi, tu te feras remarquer. Nous scintillerons au soleil et \u00e9blouirons le monde. Je suis extr\u00eamement limit\u00e9, car ma fabrication exige un artisanat manuel particuli\u00e8rement raffin\u00e9. On parle presque uniquement de mon apparence, mais mon int\u00e9rieur offre une performance de ski haut de gamme sign\u00e9e AK. Nous sommes pr\u00eats pour le tapis blanc. Shine bright like a DIAMOND.<\/p>\n<p class=\"p1\">Shine bright like a DIAMOND.<\/p>\n<p class=\"font_8\"><strong>Longueurs<\/strong><br \/>\n158 \u00a0\/ 166 \/ 172 \/ 176 cm<\/p>\n<p class=\"font_8\"><strong>Pointe \/ Patin \/ Talon<\/strong><br \/>\n130 \/ 77.5 \/ 110 mm<\/p>\n<p class=\"font_8\"><strong>Radius (166)<br \/>\n<\/strong>13 m<\/p>\n<p class=\"font_8\"><span class=\"wixGuard\">\u200b<\/span><strong>Chants<\/strong><br \/>\nBLACK<\/p>\n<p><strong>Prix<br \/>\n<\/strong>CHF 3900 (incl. Binding)<\/p>\n<\/div>\n\t\t<\/div> \n\t<\/div>\n\t<\/div> \n<\/div><\/div><div id=\"fws_6a049fc440e1a\" data-midnight=\"\" data-column-margin=\"default\" class=\"wpb_row vc_row-fluid vc_row inner_row\"  style=\"\"><div class=\"row-bg-wrap\"> <div class=\"row-bg\" ><\/div> <\/div><div class=\"row_col_wrap_12_inner col span_12  left\">\n\t<div style=\" color: #FFFFFF;\" class=\"vc_col-sm-12 wpb_column column_container vc_column_container col child_column no-extra-padding el_spacing_10px inherit_tablet inherit_phone\" data-cfc=\"true\"  data-padding-pos=\"all\" data-has-bg-color=\"false\" data-bg-color=\"\" data-bg-opacity=\"1\" data-animation=\"\" data-delay=\"0\" >\n\t\t<div class=\"vc_column-inner\" >\n\t\t<div class=\"wpb_wrapper\">\n\t\t\t\n<div class=\"wpb_text_column wpb_content_element\" >\n\t<div class=\"wpb_wrapper\">\n\t\t\t<a class=\"paoc-popup-click paoc-popup-cust-6202 paoc-popup-button paoc-popup-btn popupaoc-white\" href=\"javascript:void(0);\">Demande<\/a>\r\n\n\t<\/div>\n<\/div>\n\n\n\n\n\t\t<\/div> \n\t<\/div>\n\t<\/div> \n<\/div><\/div>\n\t\t\t<\/div> \n\t\t<\/div><\/div>\n\t<\/div> \n\n\t<div  class=\"vc_col-sm-3 vc_col-xs-6 wpb_column column_container vc_column_container col has-animation no-extra-padding el_spacing_20px inherit_tablet inherit_phone\"  data-padding-pos=\"all\" data-has-bg-color=\"false\" data-bg-color=\"\" data-bg-opacity=\"1\" data-animation=\"fade-in\" data-delay=\"0\" >\n\t\t<div class=\"vc_column-inner\" >\n\t\t\t<div class=\"wpb_wrapper\">\n\t\t\t\t<div class=\"img-with-aniamtion-wrap center\" data-max-width=\"100%\" data-max-width-mobile=\"default\" data-shadow=\"none\" data-animation=\"none\" >\n      <div class=\"inner\">\n        <div class=\"hover-wrap\"> \n          <div class=\"hover-wrap-inner\">\n            <img loading=\"lazy\" decoding=\"async\" class=\"img-with-animation skip-lazy\" data-delay=\"0\" height=\"5000\" width=\"1044\" data-animation=\"none\" src=\"https:\/\/ak-ski.ch\/wp-content\/uploads\/2025\/09\/left-product-shot-ak-diamond-1.webp\" alt=\"\" srcset=\"https:\/\/ak-ski.ch\/wp-content\/uploads\/2025\/09\/left-product-shot-ak-diamond-1.webp 1044w, https:\/\/ak-ski.ch\/wp-content\/uploads\/2025\/09\/left-product-shot-ak-diamond-1-768x3678.webp 768w, https:\/\/ak-ski.ch\/wp-content\/uploads\/2025\/09\/left-product-shot-ak-diamond-1-321x1536.webp 321w, https:\/\/ak-ski.ch\/wp-content\/uploads\/2025\/09\/left-product-shot-ak-diamond-1-600x2874.webp 600w\" sizes=\"auto, (max-width: 1044px) 100vw, 1044px\" \/>\n          <\/div>\n        <\/div>\n      <\/div>\n    <\/div>\n\t\t\t<\/div> \n\t\t<\/div>\n\t<\/div> \n\n\t<div  class=\"vc_col-sm-3 vc_col-xs-6 wpb_column column_container vc_column_container col no-extra-padding inherit_tablet inherit_phone\"  data-padding-pos=\"all\" data-has-bg-color=\"false\" data-bg-color=\"\" data-bg-opacity=\"1\" data-animation=\"\" data-delay=\"0\" >\n\t\t<div class=\"vc_column-inner\" >\n\t\t\t<div class=\"wpb_wrapper\">\n\t\t\t\t<div class=\"img-with-aniamtion-wrap center\" data-max-width=\"100%\" data-max-width-mobile=\"default\" data-shadow=\"none\" data-animation=\"none\" >\n      <div class=\"inner\">\n        <div class=\"hover-wrap\"> \n          <div class=\"hover-wrap-inner\">\n            <img loading=\"lazy\" decoding=\"async\" class=\"img-with-animation skip-lazy\" data-delay=\"0\" height=\"5000\" width=\"1044\" data-animation=\"none\" src=\"https:\/\/ak-ski.ch\/wp-content\/uploads\/2025\/09\/right-product-shot-ak-diamond-1.webp\" alt=\"\" srcset=\"https:\/\/ak-ski.ch\/wp-content\/uploads\/2025\/09\/right-product-shot-ak-diamond-1.webp 1044w, https:\/\/ak-ski.ch\/wp-content\/uploads\/2025\/09\/right-product-shot-ak-diamond-1-768x3678.webp 768w, https:\/\/ak-ski.ch\/wp-content\/uploads\/2025\/09\/right-product-shot-ak-diamond-1-321x1536.webp 321w, https:\/\/ak-ski.ch\/wp-content\/uploads\/2025\/09\/right-product-shot-ak-diamond-1-600x2874.webp 600w\" sizes=\"auto, (max-width: 1044px) 100vw, 1044px\" \/>\n          <\/div>\n        <\/div>\n      <\/div>\n    <\/div>\n\t\t\t<\/div> \n\t\t<\/div>\n\t<\/div> \n<\/div><\/div>","protected":false},"excerpt":{"rendered":"DIAMOND.30YEARS F\u00fcr unser Jubil\u00e4um 30 Jahre AK SKI lassen wir es glitzern! Mit einem ultra limitierten Ski wie er noch nie gesehen wurde. Ich bin der Star. Mit mir f\u00e4llst...","protected":false},"author":1,"featured_media":0,"parent":0,"menu_order":0,"comment_status":"closed","ping_status":"closed","template":"","meta":{"footnotes":""},"ski":[28,26],"class_list":{"0":"post-600","1":"page","2":"type-page","3":"status-publish","5":"ski-black-original","6":"ski-original"},"_links":{"self":[{"href":"https:\/\/ak-ski.ch\/fr\/wp-json\/wp\/v2\/pages\/600","targetHints":{"allow":["GET"]}}],"collection":[{"href":"https:\/\/ak-ski.ch\/fr\/wp-json\/wp\/v2\/pages"}],"about":[{"href":"https:\/\/ak-ski.ch\/fr\/wp-json\/wp\/v2\/types\/page"}],"author":[{"embeddable":true,"href":"https:\/\/ak-ski.ch\/fr\/wp-json\/wp\/v2\/users\/1"}],"replies":[{"embeddable":true,"href":"https:\/\/ak-ski.ch\/fr\/wp-json\/wp\/v2\/comments?post=600"}],"version-history":[{"count":13,"href":"https:\/\/ak-ski.ch\/fr\/wp-json\/wp\/v2\/pages\/600\/revisions"}],"predecessor-version":[{"id":6966,"href":"https:\/\/ak-ski.ch\/fr\/wp-json\/wp\/v2\/pages\/600\/revisions\/6966"}],"wp:attachment":[{"href":"https:\/\/ak-ski.ch\/fr\/wp-json\/wp\/v2\/media?parent=600"}],"wp:term":[{"taxonomy":"ski","embeddable":true,"href":"https:\/\/ak-ski.ch\/fr\/wp-json\/wp\/v2\/ski?post=600"}],"curies":[{"name":"wp","href":"https:\/\/api.w.org\/{rel}","templated":true}]}}