{"id":610,"date":"2025-09-11T15:33:10","date_gmt":"2025-09-11T13:33:10","guid":{"rendered":"https:\/\/ak-ski.ch\/?page_id=610"},"modified":"2025-09-26T15:08:44","modified_gmt":"2025-09-26T13:08:44","slug":"ultraviolent","status":"publish","type":"page","link":"https:\/\/ak-ski.ch\/fr\/ultraviolent\/","title":{"rendered":"AK.ULTRAVIOLE(N)T"},"content":{"rendered":"<div id=\"fws_69e272e824d68\"  data-column-margin=\"custom\" data-midnight=\"light\"  class=\"wpb_row vc_row-fluid vc_row full-width-section  reverse_columns_column_phone column-margin-4pct top_padding_phone_10px\"  style=\"padding-top: 200px; padding-bottom: 0px; \"><div class=\"row-bg-wrap\" data-bg-animation=\"none\" data-bg-animation-delay=\"\" data-bg-overlay=\"false\"><div class=\"inner-wrap row-bg-layer\" ><div class=\"row-bg viewport-desktop\"  style=\"\"><\/div><\/div><\/div><div class=\"row_col_wrap_12 col span_12 light left\">\n\t<div style=\" color: #FFFFFF;\" class=\"vc_col-sm-4 wpb_column column_container vc_column_container col nectar-sticky-column-css has-animation no-extra-padding el_spacing_30px inherit_tablet inherit_phone\" data-cfc=\"true\"  data-padding-pos=\"all\" data-has-bg-color=\"false\" data-bg-color=\"\" data-bg-opacity=\"1\" data-animation=\"fade-in\" data-delay=\"0\" >\n\t\t<div class=\"n-sticky\"><div class=\"vc_column-inner\" >\n\t\t\t<div class=\"wpb_wrapper\">\n\t\t\t\t<div class=\"nectar-responsive-text font_size_max_54px font_size_desktop_3vw font_size_tablet_5vw font_size_phone_34px font_line_height_1-1 nectar-link-underline-effect\"><h3>AK.ULTRAVIOLE(N)T<\/h3>\n<\/div><div id=\"fws_69e272e825e04\" data-midnight=\"\" data-column-margin=\"default\" class=\"wpb_row vc_row-fluid vc_row inner_row\"  style=\"\"><div class=\"row-bg-wrap\"> <div class=\"row-bg\" ><\/div> <\/div><div class=\"row_col_wrap_12_inner col span_12  left\">\n\t<div  class=\"vc_col-sm-12 wpb_column column_container vc_column_container col child_column no-extra-padding el_spacing_10px inherit_tablet inherit_phone\"   data-padding-pos=\"all\" data-has-bg-color=\"false\" data-bg-color=\"\" data-bg-opacity=\"1\" data-animation=\"\" data-delay=\"0\" >\n\t\t<div class=\"vc_column-inner\" >\n\t\t<div class=\"wpb_wrapper\">\n\t\t\t<div class=\"nectar-responsive-text font_size_min_20px font_size_max_25px font_size_desktop_1-7vw font_line_height_1-2 nectar-link-underline-effect\"><p>LE SKI LE PLUS DINGUE que nous ayons jamais cr\u00e9\u00e9 ! D\u00e9lib\u00e9r\u00e9ment brutal, d\u00e9lib\u00e9r\u00e9ment extr\u00eame.<\/p>\n<\/div>\n\t\t<\/div> \n\t<\/div>\n\t<\/div> \n<\/div><\/div>\n\t\t\t<\/div> \n\t\t<\/div><\/div>\n\t<\/div> \n\n\t<div  class=\"vc_col-sm-8 wpb_column column_container vc_column_container col has-animation no-extra-padding el_spacing_20px inherit_tablet inherit_phone\"  data-padding-pos=\"all\" data-has-bg-color=\"false\" data-bg-color=\"\" data-bg-opacity=\"1\" data-animation=\"fade-in\" data-delay=\"0\" >\n\t\t<div class=\"vc_column-inner\" >\n\t\t\t<div class=\"wpb_wrapper\">\n\t\t\t\t<div class=\"img-with-aniamtion-wrap\" data-max-width=\"100%\" data-max-width-mobile=\"default\" data-border-radius=\"20px\" data-shadow=\"none\" data-animation=\"none\" >\n      <div class=\"inner\">\n        <div class=\"hover-wrap\"> \n          <div class=\"hover-wrap-inner\">\n            <img loading=\"lazy\" decoding=\"async\" class=\"img-with-animation skip-lazy\" data-delay=\"0\" height=\"1350\" width=\"2400\" data-animation=\"none\" src=\"https:\/\/ak-ski.ch\/wp-content\/uploads\/2025\/09\/default_1.9.1-1.jpg\" alt=\"\" srcset=\"https:\/\/ak-ski.ch\/wp-content\/uploads\/2025\/09\/default_1.9.1-1.jpg 2400w, https:\/\/ak-ski.ch\/wp-content\/uploads\/2025\/09\/default_1.9.1-1-768x432.jpg 768w, https:\/\/ak-ski.ch\/wp-content\/uploads\/2025\/09\/default_1.9.1-1-1536x864.jpg 1536w, https:\/\/ak-ski.ch\/wp-content\/uploads\/2025\/09\/default_1.9.1-1-2048x1152.jpg 2048w, https:\/\/ak-ski.ch\/wp-content\/uploads\/2025\/09\/default_1.9.1-1-600x338.jpg 600w\" sizes=\"auto, (max-width: 2400px) 100vw, 2400px\" \/>\n          <\/div>\n        <\/div>\n      <\/div>\n    <\/div>\n\t\t\t<\/div> \n\t\t<\/div>\n\t<\/div> \n<\/div><\/div>\n\t\t<div id=\"fws_69e272e827dc3\"  data-column-margin=\"40px\" data-midnight=\"light\"  class=\"wpb_row vc_row-fluid vc_row vc_row-o-equal-height vc_row-flex  top_padding_phone_50px bottom_padding_phone_20px\"  style=\"padding-top: 200px; padding-bottom: 0px; \"><div class=\"row-bg-wrap\" data-bg-animation=\"none\" data-bg-animation-delay=\"\" data-bg-overlay=\"false\"><div class=\"inner-wrap row-bg-layer\" ><div class=\"row-bg viewport-desktop\"  style=\"\"><\/div><\/div><\/div><div class=\"row_col_wrap_12 col span_12 light left\">\n\t<div  class=\"vc_col-sm-6 wpb_column column_container vc_column_container col nectar-sticky-column-css has-animation no-extra-padding el_spacing_30px inherit_tablet inherit_phone\"  data-padding-pos=\"all\" data-has-bg-color=\"false\" data-bg-color=\"\" data-bg-opacity=\"1\" data-animation=\"fade-in\" data-delay=\"0\" >\n\t\t<div class=\"n-sticky\"><div class=\"vc_column-inner\" >\n\t\t\t<div class=\"wpb_wrapper\">\n\t\t\t\t<div id=\"fws_69e272e82873a\" data-midnight=\"\" data-column-margin=\"default\" class=\"wpb_row vc_row-fluid vc_row inner_row\"  style=\"\"><div class=\"row-bg-wrap\"> <div class=\"row-bg\" ><\/div> <\/div><div class=\"row_col_wrap_12_inner col span_12  left\">\n\t<div style=\" color: #FFFFFF;\" class=\"vc_col-sm-12 wpb_column column_container vc_column_container col child_column no-extra-padding el_spacing_10px inherit_tablet inherit_phone\" data-cfc=\"true\"  data-padding-pos=\"all\" data-has-bg-color=\"false\" data-bg-color=\"\" data-bg-opacity=\"1\" data-animation=\"\" data-delay=\"0\" >\n\t\t<div class=\"vc_column-inner\" >\n\t\t<div class=\"wpb_wrapper\">\n\t\t\t<div class=\"nectar-responsive-text nectar-link-underline-effect\"><p class=\"font_8\"><strong>Je suis le FIS \u2013 F***ing Insane Ski<\/strong><\/p>\n<p class=\"p1\">Je suis le FIS \u2013 F***ing Insane Ski Je suis plus rapide que toi. Je suis plus dur que toi. Je suis ultraviolet et ultra agressif. Ma taille est FIS (F***ing Insane Slalom). Si tu es courageux, tu peux m\u2019essayer, mais s\u2019il te pla\u00eet ne te plains pas de trop de chevaux. Si tu es le virtuose du ski, alors nous sommes faits pour nous rencontrer.<\/p>\n<p class=\"p1\">PURPLE (frozen) rain.<\/p>\n<p class=\"p1\"><strong>Longueurs<\/strong><br \/>\n158 \/ 164 \/ 170 \/ 176 cm<\/p>\n<p class=\"p1\"><strong>Pointe \/ Patin \/ Talon<\/strong><br \/>\n120 \/ 67 \/ 101 mm<\/p>\n<p class=\"p1\"><strong>Rayon (164)<\/strong><br \/>\n13 m<span class=\"Apple-converted-space\">\u00a0 <\/span><\/p>\n<p class=\"p1\"><strong>Chants<\/strong><br \/>\nORANGE<\/p>\n<p class=\"p1\"><strong>Prix<\/strong><br \/>\nCHF 1600 (excl. Binding)<\/p>\n<\/div>\n\t\t<\/div> \n\t<\/div>\n\t<\/div> \n<\/div><\/div><div id=\"fws_69e272e8293f1\" data-midnight=\"\" data-column-margin=\"default\" class=\"wpb_row vc_row-fluid vc_row inner_row\"  style=\"\"><div class=\"row-bg-wrap\"> <div class=\"row-bg\" ><\/div> <\/div><div class=\"row_col_wrap_12_inner col span_12  left\">\n\t<div style=\" color: #FFFFFF;\" class=\"vc_col-sm-12 wpb_column column_container vc_column_container col child_column no-extra-padding el_spacing_10px inherit_tablet inherit_phone\" data-cfc=\"true\"  data-padding-pos=\"all\" data-has-bg-color=\"false\" data-bg-color=\"\" data-bg-opacity=\"1\" data-animation=\"\" data-delay=\"0\" >\n\t\t<div class=\"vc_column-inner\" >\n\t\t<div class=\"wpb_wrapper\">\n\t\t\t\n<div class=\"wpb_text_column wpb_content_element\" >\n\t<div class=\"wpb_wrapper\">\n\t\t\t<a class=\"paoc-popup-click paoc-popup-cust-6202 paoc-popup-button paoc-popup-btn popupaoc-white\" href=\"javascript:void(0);\">Demande<\/a>\r\n\n\t<\/div>\n<\/div>\n\n\n\n\n\t\t<\/div> \n\t<\/div>\n\t<\/div> \n<\/div><\/div>\n\t\t\t<\/div> \n\t\t<\/div><\/div>\n\t<\/div> \n\n\t<div  class=\"vc_col-sm-3 vc_col-xs-6 wpb_column column_container vc_column_container col has-animation no-extra-padding el_spacing_20px inherit_tablet inherit_phone\"  data-padding-pos=\"all\" data-has-bg-color=\"false\" data-bg-color=\"\" data-bg-opacity=\"1\" data-animation=\"fade-in\" data-delay=\"0\" >\n\t\t<div class=\"vc_column-inner\" >\n\t\t\t<div class=\"wpb_wrapper\">\n\t\t\t\t<div class=\"img-with-aniamtion-wrap center\" data-max-width=\"100%\" data-max-width-mobile=\"default\" data-shadow=\"none\" data-animation=\"none\" >\n      <div class=\"inner\">\n        <div class=\"hover-wrap\"> \n          <div class=\"hover-wrap-inner\">\n            <img loading=\"lazy\" decoding=\"async\" class=\"img-with-animation skip-lazy\" data-delay=\"0\" height=\"5000\" width=\"1044\" data-animation=\"none\" src=\"https:\/\/ak-ski.ch\/wp-content\/uploads\/2025\/09\/left-product-shot-ak-uv-4.webp\" alt=\"\" srcset=\"https:\/\/ak-ski.ch\/wp-content\/uploads\/2025\/09\/left-product-shot-ak-uv-4.webp 1044w, https:\/\/ak-ski.ch\/wp-content\/uploads\/2025\/09\/left-product-shot-ak-uv-4-768x3678.webp 768w, https:\/\/ak-ski.ch\/wp-content\/uploads\/2025\/09\/left-product-shot-ak-uv-4-321x1536.webp 321w, https:\/\/ak-ski.ch\/wp-content\/uploads\/2025\/09\/left-product-shot-ak-uv-4-600x2874.webp 600w\" sizes=\"auto, (max-width: 1044px) 100vw, 1044px\" \/>\n          <\/div>\n        <\/div>\n      <\/div>\n    <\/div>\n\t\t\t<\/div> \n\t\t<\/div>\n\t<\/div> \n\n\t<div  class=\"vc_col-sm-3 vc_col-xs-6 wpb_column column_container vc_column_container col no-extra-padding inherit_tablet inherit_phone\"  data-padding-pos=\"all\" data-has-bg-color=\"false\" data-bg-color=\"\" data-bg-opacity=\"1\" data-animation=\"\" data-delay=\"0\" >\n\t\t<div class=\"vc_column-inner\" >\n\t\t\t<div class=\"wpb_wrapper\">\n\t\t\t\t<div class=\"img-with-aniamtion-wrap center\" data-max-width=\"100%\" data-max-width-mobile=\"default\" data-shadow=\"none\" data-animation=\"none\" >\n      <div class=\"inner\">\n        <div class=\"hover-wrap\"> \n          <div class=\"hover-wrap-inner\">\n            <img loading=\"lazy\" decoding=\"async\" class=\"img-with-animation skip-lazy\" data-delay=\"0\" height=\"5000\" width=\"1044\" data-animation=\"none\" src=\"https:\/\/ak-ski.ch\/wp-content\/uploads\/2025\/09\/right-product-shot-ak-insane-2.webp\" alt=\"\" srcset=\"https:\/\/ak-ski.ch\/wp-content\/uploads\/2025\/09\/right-product-shot-ak-insane-2.webp 1044w, https:\/\/ak-ski.ch\/wp-content\/uploads\/2025\/09\/right-product-shot-ak-insane-2-768x3678.webp 768w, https:\/\/ak-ski.ch\/wp-content\/uploads\/2025\/09\/right-product-shot-ak-insane-2-321x1536.webp 321w, https:\/\/ak-ski.ch\/wp-content\/uploads\/2025\/09\/right-product-shot-ak-insane-2-600x2874.webp 600w\" sizes=\"auto, (max-width: 1044px) 100vw, 1044px\" \/>\n          <\/div>\n        <\/div>\n      <\/div>\n    <\/div>\n\t\t\t<\/div> \n\t\t<\/div>\n\t<\/div> \n<\/div><\/div>","protected":false},"excerpt":{"rendered":"AK.ULTRAVIOLE(N)T THE MOST INSANE SKI den wir je gemacht haben! Absichtlich brachial, absichtlich extrem. Ich bin der FIS \u2013 F***ing Insane Ski Ich bin schneller als Du. Ich bin h\u00e4rter...","protected":false},"author":1,"featured_media":0,"parent":0,"menu_order":0,"comment_status":"closed","ping_status":"closed","template":"","meta":{"footnotes":""},"ski":[28,26],"class_list":{"0":"post-610","1":"page","2":"type-page","3":"status-publish","5":"ski-black-original","6":"ski-original"},"_links":{"self":[{"href":"https:\/\/ak-ski.ch\/fr\/wp-json\/wp\/v2\/pages\/610","targetHints":{"allow":["GET"]}}],"collection":[{"href":"https:\/\/ak-ski.ch\/fr\/wp-json\/wp\/v2\/pages"}],"about":[{"href":"https:\/\/ak-ski.ch\/fr\/wp-json\/wp\/v2\/types\/page"}],"author":[{"embeddable":true,"href":"https:\/\/ak-ski.ch\/fr\/wp-json\/wp\/v2\/users\/1"}],"replies":[{"embeddable":true,"href":"https:\/\/ak-ski.ch\/fr\/wp-json\/wp\/v2\/comments?post=610"}],"version-history":[{"count":24,"href":"https:\/\/ak-ski.ch\/fr\/wp-json\/wp\/v2\/pages\/610\/revisions"}],"predecessor-version":[{"id":7011,"href":"https:\/\/ak-ski.ch\/fr\/wp-json\/wp\/v2\/pages\/610\/revisions\/7011"}],"wp:attachment":[{"href":"https:\/\/ak-ski.ch\/fr\/wp-json\/wp\/v2\/media?parent=610"}],"wp:term":[{"taxonomy":"ski","embeddable":true,"href":"https:\/\/ak-ski.ch\/fr\/wp-json\/wp\/v2\/ski?post=610"}],"curies":[{"name":"wp","href":"https:\/\/api.w.org\/{rel}","templated":true}]}}