{"id":624,"date":"2025-09-11T15:57:41","date_gmt":"2025-09-11T13:57:41","guid":{"rendered":"https:\/\/ak-ski.ch\/?page_id=624"},"modified":"2025-09-26T11:48:55","modified_gmt":"2025-09-26T09:48:55","slug":"about","status":"publish","type":"page","link":"https:\/\/ak-ski.ch\/fr\/about\/","title":{"rendered":"ABOUT.US"},"content":{"rendered":"<div id=\"fws_69e72f39e7928\"  data-column-margin=\"custom\" data-midnight=\"light\"  class=\"wpb_row vc_row-fluid vc_row full-width-section  reverse_columns_column_phone column-margin-4pct top_padding_phone_10px\"  style=\"padding-top: 200px; padding-bottom: 200px; \"><div class=\"row-bg-wrap\" data-bg-animation=\"none\" data-bg-animation-delay=\"\" data-bg-overlay=\"false\"><div class=\"inner-wrap row-bg-layer\" ><div class=\"row-bg viewport-desktop\"  style=\"\"><\/div><\/div><\/div><div class=\"row_col_wrap_12 col span_12 light left\">\n\t<div style=\" color: #FFFFFF;\" class=\"vc_col-sm-4 wpb_column column_container vc_column_container col nectar-sticky-column-css has-animation no-extra-padding el_spacing_30px inherit_tablet inherit_phone\" data-cfc=\"true\"  data-padding-pos=\"all\" data-has-bg-color=\"false\" data-bg-color=\"\" data-bg-opacity=\"1\" data-animation=\"fade-in\" data-delay=\"0\" >\n\t\t<div class=\"n-sticky\"><div class=\"vc_column-inner\" >\n\t\t\t<div class=\"wpb_wrapper\">\n\t\t\t\t<div class=\"nectar-responsive-text font_size_max_54px font_size_desktop_3vw font_size_tablet_5vw font_size_phone_34px font_line_height_1-1 nectar-link-underline-effect\"><h3>ABOUT US<\/h3>\n<\/div><div id=\"fws_69e72f39e84a2\" data-midnight=\"\" data-column-margin=\"default\" class=\"wpb_row vc_row-fluid vc_row inner_row\"  style=\"\"><div class=\"row-bg-wrap\"> <div class=\"row-bg\" ><\/div> <\/div><div class=\"row_col_wrap_12_inner col span_12  left\">\n\t<div  class=\"vc_col-sm-12 wpb_column column_container vc_column_container col child_column no-extra-padding el_spacing_10px inherit_tablet inherit_phone\"   data-padding-pos=\"all\" data-has-bg-color=\"false\" data-bg-color=\"\" data-bg-opacity=\"1\" data-animation=\"\" data-delay=\"0\" >\n\t\t<div class=\"vc_column-inner\" >\n\t\t<div class=\"wpb_wrapper\">\n\t\t\t<div class=\"nectar-responsive-text font_size_min_20px font_size_max_25px font_size_desktop_1-7vw font_line_height_1-2 nectar-link-underline-effect\"><p>En fait, nous sommes une entreprise familiale classique. Seulement 'classique' ne nous convient pas.<\/p>\n<p>M\u00eame si nous avons grandi avec les saines valeurs helv\u00e9tiques et que nous les appr\u00e9cions toujours \u00e0 ce jour, nous aimons ce qui est sp\u00e9cial, voire m\u00eame parfois bizarre, hors du commun. Suivre les courants dominants, ce n'est pas trop notre truc. Nous aimons ce qui se fait de mieux et faisons tout notre possible pour le proposer.<\/p>\n<p>Lorsque nous cr\u00e9ons des produits, nous nous inspirons souvent de la nature, des \u00e9motions et des sentiments, des mouvements et des forces, et de choses venant d\u2019ailleurs.<\/p>\n<p>Nous avons besoin de relever des d\u00e9fis, de cr\u00e9er des nouveaut\u00e9s, d\u2019essayer des trucs qui n\u2019ont jamais \u00e9t\u00e9 faits auparavant, de travailler des mat\u00e9riaux atypiques afin de faire na\u00eetre des choses qui nous \u00e9blouissent nous-m\u00eame.<\/p>\n<p>Nous passons la plupart de notre temps ensemble, g\u00e9n\u00e9ralement dehors et dans les montagnes, \u00e0 faire du sport, sur le lac et en hiver dans la neige.<\/p>\n<p>Nous aimons les animaux et les espressos italiens, le design ind\u00e9modable et \u00e9clectique, et les produits fabriqu\u00e9s avec passion.<\/p>\n<p>Et honn\u00eatement, nous serions super heureux de partager avec vous notre enthousiasme pour la marque AK et de vous faire kiffer nos produits.<\/p>\n<p>Allez viens par ici et d\u00e9couvre la famille AK.<\/p>\n<\/div>\n\t\t<\/div> \n\t<\/div>\n\t<\/div> \n<\/div><\/div>\n\t\t\t<\/div> \n\t\t<\/div><\/div>\n\t<\/div> \n\n\t<div  class=\"vc_col-sm-8 wpb_column column_container vc_column_container col nectar-sticky-column-css has-animation no-extra-padding el_spacing_20px inherit_tablet inherit_phone\"  data-padding-pos=\"all\" data-has-bg-color=\"false\" data-bg-color=\"\" data-bg-opacity=\"1\" data-animation=\"fade-in\" data-delay=\"0\" >\n\t\t<div class=\"n-sticky\"><div class=\"vc_column-inner\" >\n\t\t\t<div class=\"wpb_wrapper\">\n\t\t\t\t<div class=\"img-with-aniamtion-wrap\" data-max-width=\"100%\" data-max-width-mobile=\"default\" data-border-radius=\"20px\" data-shadow=\"none\" data-animation=\"none\" >\n      <div class=\"inner\">\n        <div class=\"hover-wrap\"> \n          <div class=\"hover-wrap-inner\">\n            <img loading=\"lazy\" decoding=\"async\" class=\"img-with-animation skip-lazy\" data-delay=\"0\" height=\"2000\" width=\"3556\" data-animation=\"none\" src=\"https:\/\/ak-ski.ch\/wp-content\/uploads\/2025\/09\/kuonens-titelbild.webp\" alt=\"\" srcset=\"https:\/\/ak-ski.ch\/wp-content\/uploads\/2025\/09\/kuonens-titelbild.webp 3556w, https:\/\/ak-ski.ch\/wp-content\/uploads\/2025\/09\/kuonens-titelbild-768x432.webp 768w, https:\/\/ak-ski.ch\/wp-content\/uploads\/2025\/09\/kuonens-titelbild-1536x864.webp 1536w, https:\/\/ak-ski.ch\/wp-content\/uploads\/2025\/09\/kuonens-titelbild-2048x1152.webp 2048w, https:\/\/ak-ski.ch\/wp-content\/uploads\/2025\/09\/kuonens-titelbild-600x337.webp 600w\" sizes=\"auto, (max-width: 3556px) 100vw, 3556px\" \/>\n          <\/div>\n        <\/div>\n      <\/div>\n    <\/div>\n\t\t\t<\/div> \n\t\t<\/div><\/div>\n\t<\/div> \n<\/div><\/div>","protected":false},"excerpt":{"rendered":"ABOUT US Eigentlich sind wir das klassische Familienunternehmen. Nur \u2018klassisch\u2019 passt nicht zu uns. Wir sind zwar mit gesunden Schweizer Werten aufgewachsen und sch\u00e4tzen diese noch stets, wir lieben aber...","protected":false},"author":1,"featured_media":0,"parent":0,"menu_order":0,"comment_status":"closed","ping_status":"closed","template":"","meta":{"footnotes":""},"ski":[],"class_list":["post-624","page","type-page","status-publish"],"_links":{"self":[{"href":"https:\/\/ak-ski.ch\/fr\/wp-json\/wp\/v2\/pages\/624","targetHints":{"allow":["GET"]}}],"collection":[{"href":"https:\/\/ak-ski.ch\/fr\/wp-json\/wp\/v2\/pages"}],"about":[{"href":"https:\/\/ak-ski.ch\/fr\/wp-json\/wp\/v2\/types\/page"}],"author":[{"embeddable":true,"href":"https:\/\/ak-ski.ch\/fr\/wp-json\/wp\/v2\/users\/1"}],"replies":[{"embeddable":true,"href":"https:\/\/ak-ski.ch\/fr\/wp-json\/wp\/v2\/comments?post=624"}],"version-history":[{"count":7,"href":"https:\/\/ak-ski.ch\/fr\/wp-json\/wp\/v2\/pages\/624\/revisions"}],"predecessor-version":[{"id":6818,"href":"https:\/\/ak-ski.ch\/fr\/wp-json\/wp\/v2\/pages\/624\/revisions\/6818"}],"wp:attachment":[{"href":"https:\/\/ak-ski.ch\/fr\/wp-json\/wp\/v2\/media?parent=624"}],"wp:term":[{"taxonomy":"ski","embeddable":true,"href":"https:\/\/ak-ski.ch\/fr\/wp-json\/wp\/v2\/ski?post=624"}],"curies":[{"name":"wp","href":"https:\/\/api.w.org\/{rel}","templated":true}]}}