{"id":634,"date":"2025-09-11T16:40:34","date_gmt":"2025-09-11T14:40:34","guid":{"rendered":"https:\/\/ak-ski.ch\/?page_id=634"},"modified":"2025-09-26T11:48:15","modified_gmt":"2025-09-26T09:48:15","slug":"aldo-kuonen","status":"publish","type":"page","link":"https:\/\/ak-ski.ch\/fr\/aldo-kuonen\/","title":{"rendered":"Aldo Kuonen"},"content":{"rendered":"<div id=\"fws_69dee86348864\"  data-column-margin=\"custom\" data-midnight=\"light\"  class=\"wpb_row vc_row-fluid vc_row full-width-section  reverse_columns_column_phone column-margin-4pct top_padding_phone_10px\"  style=\"padding-top: 200px; padding-bottom: 200px; \"><div class=\"row-bg-wrap\" data-bg-animation=\"none\" data-bg-animation-delay=\"\" data-bg-overlay=\"false\"><div class=\"inner-wrap row-bg-layer\" ><div class=\"row-bg viewport-desktop\"  style=\"\"><\/div><\/div><\/div><div class=\"row_col_wrap_12 col span_12 light left\">\n\t<div style=\" color: #FFFFFF;\" class=\"vc_col-sm-4 wpb_column column_container vc_column_container col nectar-sticky-column-css has-animation no-extra-padding el_spacing_30px inherit_tablet inherit_phone\" data-cfc=\"true\"  data-padding-pos=\"all\" data-has-bg-color=\"false\" data-bg-color=\"\" data-bg-opacity=\"1\" data-animation=\"fade-in\" data-delay=\"0\" >\n\t\t<div class=\"n-sticky\"><div class=\"vc_column-inner\" >\n\t\t\t<div class=\"wpb_wrapper\">\n\t\t\t\t<div class=\"nectar-responsive-text font_size_max_54px font_size_desktop_3vw font_size_tablet_5vw font_size_phone_34px font_line_height_1-1 nectar-link-underline-effect\"><h3>ALDO KUONEN<\/h3>\n<\/div><div id=\"fws_69dee86349b7c\" data-midnight=\"\" data-column-margin=\"default\" class=\"wpb_row vc_row-fluid vc_row inner_row\"  style=\"\"><div class=\"row-bg-wrap\"> <div class=\"row-bg\" ><\/div> <\/div><div class=\"row_col_wrap_12_inner col span_12  left\">\n\t<div  class=\"vc_col-sm-12 wpb_column column_container vc_column_container col child_column no-extra-padding el_spacing_10px inherit_tablet inherit_phone\"   data-padding-pos=\"all\" data-has-bg-color=\"false\" data-bg-color=\"\" data-bg-opacity=\"1\" data-animation=\"\" data-delay=\"0\" >\n\t\t<div class=\"vc_column-inner\" >\n\t\t<div class=\"wpb_wrapper\">\n\t\t\t<div class=\"nectar-responsive-text font_size_min_20px font_size_max_25px font_size_desktop_1-7vw font_line_height_1-2 nectar-link-underline-effect\"><p class=\"p1\">AK est Aldo Kuonen.<br \/>\nAK est notre famille.<br \/>\nAK est notre entreprise.<\/p>\n<p class=\"p1\">\u201cPa\u201d \u00e9tait tant pour nous : notre meilleur ami, notre exemple, notre chef. Mais avant tout, il incarnait le plaisir pur de faire du ski.<\/p>\n<p class=\"p1\">Il est n\u00e9 \u00e0 T\u00f6rbel en Valais. Son amour pour les montagnes \u00e9tait contagieux. Elles l\u2019ont emmen\u00e9 \u00e0 St-Moritz o\u00f9 il est devenu prof de ski. Ensuite, il a travaill\u00e9 chez Rossignol dans le domaine des courses, puis chez Atomic. Il a accompagn\u00e9 de grands skieurs comme Jo\u00ebl Gaspoz, Michela Figini ou Mike von Gr\u00fcnigen. Des champions de Coupe du Monde, des champions olympiques, des champions du Monde.<\/p>\n<p class=\"p1\">Sa seconde passion \u00e9tait la restauration de vieilles Porsches, plus particuli\u00e8rement le mod\u00e8le 356. En \u00e9t\u00e9, \u201cPa\u201d passait la plupart de son temps au garage, ou avec nous au lac \u00e0 faire du ski nautique.<\/p>\n<p class=\"p1\">Son savoir-faire en mati\u00e8re de Porsches et de skis \u00e9tait \u00e9norme.<\/p>\n<p class=\"p1\">AK est le fruit de son id\u00e9e r\u00e9volutionnaire de faire pour tout un chacun, des skis du niveau de Coupe du Monde. Quand \u201cPa\u201d est arriv\u00e9 dans notre salon tout sourire avec le premier mod\u00e8le Carving \u201cNumber ONE\u201d entre les mains, la marque \u00e9tait n\u00e9e.<\/p>\n<p class=\"p1\">\u201cPa\u201d a ensuite fait grandir seul AK avec tout son enthousiasme. Il n\u2019a jamais fait de pub ou mis en place de concept marketing particulier. Il lui tenait \u00e0 c\u0153ur d\u2019aller personnellement chez ses clients pour pr\u00e9senter ses skis et leur construction dans chaque d\u00e9tail.<\/p>\n<p class=\"p1\">Et il savait parfaitement qu\u2019\u00e0 l\u2019instant o\u00f9 quelqu\u2019un mettrait les pieds sur des skis AK, il sentirait la diff\u00e9rence et serait tout de suite convaincu.<\/p>\n<p class=\"p1\">En septembre 2011, \u201cPa\u201d a appris qu\u2019il avait une tumeur au cerveau. S'en est ensuivi 9 mois de peurs et d\u2019espoirs. Il est d\u00e9c\u00e9d\u00e9 en juin 2012. Il avait 60 ans. Pour nous, ce f\u00fbt un coup de massue. Nous n\u2019avions pas seulement perdu notre papa, mais aussi notre meilleur ami, notre mentor, notre idole.<\/p>\n<p class=\"p1\">Sa passion et son invention continueront de vivre \u00e0 jamais au travers de ses initiales gr\u00e2ce \u00e0 la marque AK.<\/p>\n<p class=\"p1\">Merci, papa, pour tout.<br \/>\nTon enthousiasme est toujours avec nous.<br \/>\nTa philosophie nous accompagnera toujours.<br \/>\nTon r\u00eave continue de vivre.<\/p>\n<p><img loading=\"lazy\" decoding=\"async\" class=\"alignnone size-medium wp-image-635\" src=\"https:\/\/ak-ski.ch\/wp-content\/uploads\/2025\/09\/unterschriften-ak-300x120.webp\" alt=\"\" width=\"300\" height=\"120\" srcset=\"https:\/\/ak-ski.ch\/wp-content\/uploads\/2025\/09\/unterschriften-ak-300x120.webp 300w, https:\/\/ak-ski.ch\/wp-content\/uploads\/2025\/09\/unterschriften-ak-600x241.webp 600w, https:\/\/ak-ski.ch\/wp-content\/uploads\/2025\/09\/unterschriften-ak.webp 655w\" sizes=\"auto, (max-width: 300px) 100vw, 300px\" \/><\/p>\n<\/div>\n\t\t<\/div> \n\t<\/div>\n\t<\/div> \n<\/div><\/div>\n\t\t\t<\/div> \n\t\t<\/div><\/div>\n\t<\/div> \n\n\t<div  class=\"vc_col-sm-8 wpb_column column_container vc_column_container col nectar-sticky-column-css has-animation no-extra-padding el_spacing_20px inherit_tablet inherit_phone\"  data-padding-pos=\"all\" data-has-bg-color=\"false\" data-bg-color=\"\" data-bg-opacity=\"1\" data-animation=\"fade-in\" data-delay=\"0\" >\n\t\t<div class=\"n-sticky\"><div class=\"vc_column-inner\" >\n\t\t\t<div class=\"wpb_wrapper\">\n\t\t\t\t<div class=\"img-with-aniamtion-wrap\" data-max-width=\"100%\" data-max-width-mobile=\"default\" data-border-radius=\"20px\" data-shadow=\"none\" data-animation=\"none\" >\n      <div class=\"inner\">\n        <div class=\"hover-wrap\"> \n          <div class=\"hover-wrap-inner\">\n            <img loading=\"lazy\" decoding=\"async\" class=\"img-with-animation skip-lazy\" data-delay=\"0\" height=\"2000\" width=\"3556\" data-animation=\"none\" src=\"https:\/\/ak-ski.ch\/wp-content\/uploads\/2025\/09\/aldo-kuonen.webp\" alt=\"\" srcset=\"https:\/\/ak-ski.ch\/wp-content\/uploads\/2025\/09\/aldo-kuonen.webp 3556w, https:\/\/ak-ski.ch\/wp-content\/uploads\/2025\/09\/aldo-kuonen-768x432.webp 768w, https:\/\/ak-ski.ch\/wp-content\/uploads\/2025\/09\/aldo-kuonen-1536x864.webp 1536w, https:\/\/ak-ski.ch\/wp-content\/uploads\/2025\/09\/aldo-kuonen-2048x1152.webp 2048w, https:\/\/ak-ski.ch\/wp-content\/uploads\/2025\/09\/aldo-kuonen-600x337.webp 600w\" sizes=\"auto, (max-width: 3556px) 100vw, 3556px\" \/>\n          <\/div>\n        <\/div>\n      <\/div>\n    <\/div>\n\t\t\t<\/div> \n\t\t<\/div><\/div>\n\t<\/div> \n<\/div><\/div>","protected":false},"excerpt":{"rendered":"ALDO KUONEN AK ist Aldo Kuonen. AK ist unsere Familie. AK ist unser Unternehmen. Pa war so viel f\u00fcr uns: der beste Freund, unser Vorbild, unser Chef. Aber vor allem...","protected":false},"author":1,"featured_media":0,"parent":0,"menu_order":0,"comment_status":"closed","ping_status":"closed","template":"","meta":{"footnotes":""},"ski":[],"class_list":["post-634","page","type-page","status-publish"],"_links":{"self":[{"href":"https:\/\/ak-ski.ch\/fr\/wp-json\/wp\/v2\/pages\/634","targetHints":{"allow":["GET"]}}],"collection":[{"href":"https:\/\/ak-ski.ch\/fr\/wp-json\/wp\/v2\/pages"}],"about":[{"href":"https:\/\/ak-ski.ch\/fr\/wp-json\/wp\/v2\/types\/page"}],"author":[{"embeddable":true,"href":"https:\/\/ak-ski.ch\/fr\/wp-json\/wp\/v2\/users\/1"}],"replies":[{"embeddable":true,"href":"https:\/\/ak-ski.ch\/fr\/wp-json\/wp\/v2\/comments?post=634"}],"version-history":[{"count":5,"href":"https:\/\/ak-ski.ch\/fr\/wp-json\/wp\/v2\/pages\/634\/revisions"}],"predecessor-version":[{"id":6814,"href":"https:\/\/ak-ski.ch\/fr\/wp-json\/wp\/v2\/pages\/634\/revisions\/6814"}],"wp:attachment":[{"href":"https:\/\/ak-ski.ch\/fr\/wp-json\/wp\/v2\/media?parent=634"}],"wp:term":[{"taxonomy":"ski","embeddable":true,"href":"https:\/\/ak-ski.ch\/fr\/wp-json\/wp\/v2\/ski?post=634"}],"curies":[{"name":"wp","href":"https:\/\/api.w.org\/{rel}","templated":true}]}}