{"id":6460,"date":"2025-09-22T18:05:19","date_gmt":"2025-09-22T16:05:19","guid":{"rendered":"https:\/\/ak-ski.ch\/?page_id=6460"},"modified":"2025-09-24T13:14:53","modified_gmt":"2025-09-24T11:14:53","slug":"bindungen","status":"publish","type":"page","link":"https:\/\/ak-ski.ch\/fr\/bindungen\/","title":{"rendered":"FIXATIONS"},"content":{"rendered":"<div id=\"fws_69e11fe4128f5\"  data-column-margin=\"custom\" data-midnight=\"light\"  class=\"wpb_row vc_row-fluid vc_row full-width-section  column-margin-4pct top_padding_phone_10px\"  style=\"padding-top: 200px; padding-bottom: 0px; \"><div class=\"row-bg-wrap\" data-bg-animation=\"none\" data-bg-animation-delay=\"\" data-bg-overlay=\"false\"><div class=\"inner-wrap row-bg-layer\" ><div class=\"row-bg viewport-desktop\"  style=\"\"><\/div><\/div><\/div><div class=\"row_col_wrap_12 col span_12 light left\">\n\t<div style=\" color: #FFFFFF;\" class=\"vc_col-sm-4 wpb_column column_container vc_column_container col nectar-sticky-column-css has-animation no-extra-padding el_spacing_30px inherit_tablet inherit_phone\" data-cfc=\"true\"  data-padding-pos=\"all\" data-has-bg-color=\"false\" data-bg-color=\"\" data-bg-opacity=\"1\" data-animation=\"fade-in\" data-delay=\"0\" >\n\t\t<div class=\"n-sticky\"><div class=\"vc_column-inner\" >\n\t\t\t<div class=\"wpb_wrapper\">\n\t\t\t\t<div class=\"nectar-responsive-text font_size_max_54px font_size_desktop_3vw font_size_tablet_5vw font_size_phone_34px font_line_height_1-1 nectar-link-underline-effect\"><h3>FIXATIONS<\/h3>\n<\/div><div id=\"fws_69e11fe413b13\" data-midnight=\"\" data-column-margin=\"default\" class=\"wpb_row vc_row-fluid vc_row inner_row\"  style=\"\"><div class=\"row-bg-wrap\"> <div class=\"row-bg\" ><\/div> <\/div><div class=\"row_col_wrap_12_inner col span_12  left\">\n\t<div  class=\"vc_col-sm-12 wpb_column column_container vc_column_container col child_column no-extra-padding el_spacing_10px inherit_tablet inherit_phone\"   data-padding-pos=\"all\" data-has-bg-color=\"false\" data-bg-color=\"\" data-bg-opacity=\"1\" data-animation=\"\" data-delay=\"0\" >\n\t\t<div class=\"vc_column-inner\" >\n\t\t<div class=\"wpb_wrapper\">\n\t\t\t<div class=\"nectar-responsive-text font_size_min_20px font_size_max_25px font_size_desktop_1-7vw font_line_height_1-2 nectar-link-underline-effect\"><p class=\"p1\">La fixation est un \u00e9l\u00e9ment essentiel entre le ski et le skieur : elle assure un \u00e9quilibre parfait et une transmission de puissance optimale. Depuis de nombreuses ann\u00e9es, nous avons le privil\u00e8ge de collaborer avec\u00a0SALOMON. Les sp\u00e9cialistes fran\u00e7ais de la fixation d\u00e9veloppent pour nous des mod\u00e8les de performance et de comp\u00e9tition sur mesure, que nous utilisons sur nos skis, tant lors des tests que lors du d\u00e9veloppement.<\/p>\n<p class=\"p1\">C\u00f4t\u00e9 design, les fixations s\u2019accordent parfaitement \u00e0 l\u2019esth\u00e9tique de chaque ski AK.<\/p>\n<\/div>\n\t\t<\/div> \n\t<\/div>\n\t<\/div> \n<\/div><\/div>\n\t\t\t<\/div> \n\t\t<\/div><\/div>\n\t<\/div> \n\n\t<div  class=\"vc_col-sm-8 wpb_column column_container vc_column_container col has-animation no-extra-padding el_spacing_20px inherit_tablet inherit_phone\"  data-padding-pos=\"all\" data-has-bg-color=\"false\" data-bg-color=\"\" data-bg-opacity=\"1\" data-animation=\"fade-in\" data-delay=\"0\" >\n\t\t<div class=\"vc_column-inner\" >\n\t\t\t<div class=\"wpb_wrapper\">\n\t\t\t\t<div class=\"img-with-aniamtion-wrap\" data-max-width=\"100%\" data-max-width-mobile=\"default\" data-border-radius=\"20px\" data-shadow=\"none\" data-animation=\"none\" >\n      <div class=\"inner\">\n        <div class=\"hover-wrap\"> \n          <div class=\"hover-wrap-inner\">\n            <img loading=\"lazy\" decoding=\"async\" class=\"img-with-animation skip-lazy\" data-delay=\"0\" height=\"1688\" width=\"3000\" data-animation=\"none\" src=\"https:\/\/ak-ski.ch\/wp-content\/uploads\/2025\/09\/default_1.129.1.jpg\" alt=\"\" srcset=\"https:\/\/ak-ski.ch\/wp-content\/uploads\/2025\/09\/default_1.129.1.jpg 3000w, https:\/\/ak-ski.ch\/wp-content\/uploads\/2025\/09\/default_1.129.1-768x432.jpg 768w, https:\/\/ak-ski.ch\/wp-content\/uploads\/2025\/09\/default_1.129.1-1536x864.jpg 1536w, https:\/\/ak-ski.ch\/wp-content\/uploads\/2025\/09\/default_1.129.1-2048x1152.jpg 2048w, https:\/\/ak-ski.ch\/wp-content\/uploads\/2025\/09\/default_1.129.1-600x338.jpg 600w\" sizes=\"auto, (max-width: 3000px) 100vw, 3000px\" \/>\n          <\/div>\n        <\/div>\n      <\/div>\n    <\/div>\n\t\t\t<\/div> \n\t\t<\/div>\n\t<\/div> \n<\/div><\/div>\n\t\t<div id=\"fws_69e11fe416514\"  data-column-margin=\"default\" data-midnight=\"light\" data-top-percent=\"10%\" data-bottom-percent=\"10%\"  class=\"wpb_row vc_row-fluid vc_row  zindex-set\"  style=\"padding-top: calc(100vw * 0.10); padding-bottom: calc(100vw * 0.10);  z-index: 3;\"><div class=\"row-bg-wrap\" data-bg-animation=\"none\" data-bg-animation-delay=\"\" data-bg-overlay=\"false\"><div class=\"inner-wrap row-bg-layer\" ><div class=\"row-bg viewport-desktop\"  style=\"\"><\/div><\/div><\/div><div class=\"row_col_wrap_12 col span_12 light left\">\n\t<div  class=\"vc_col-sm-12 wpb_column column_container vc_column_container col no-extra-padding inherit_tablet inherit_phone\"  data-padding-pos=\"all\" data-has-bg-color=\"false\" data-bg-color=\"\" data-bg-opacity=\"1\" data-animation=\"\" data-delay=\"0\" >\n\t\t<div class=\"vc_column-inner\" >\n\t\t\t<div class=\"wpb_wrapper\">\n\t\t\t\t<div id=\"fws_69e11fe41751c\" data-midnight=\"\" data-column-margin=\"default\" class=\"wpb_row vc_row-fluid vc_row inner_row\"  style=\"\"><div class=\"row-bg-wrap\"> <div class=\"row-bg\" ><\/div> <\/div><div class=\"row_col_wrap_12_inner col span_12  left\">\n\t<div  class=\"vc_col-sm-4 wpb_column column_container vc_column_container col child_column no-extra-padding inherit_tablet inherit_phone\"   data-padding-pos=\"all\" data-has-bg-color=\"false\" data-bg-color=\"\" data-bg-opacity=\"1\" data-animation=\"\" data-delay=\"0\" >\n\t\t<div class=\"vc_column-inner\" ><a class=\"column-link\" target=\"_self\" href=\"\/fr\/mi-12-gw\/\"><\/a>\n\t\t<div class=\"wpb_wrapper\">\n\t\t\t<div class=\"img-with-aniamtion-wrap\" data-max-width=\"100%\" data-max-width-mobile=\"default\" data-shadow=\"none\" data-animation=\"none\" >\n      <div class=\"inner\">\n        <div class=\"hover-wrap\"> \n          <div class=\"hover-wrap-inner\">\n            <img loading=\"lazy\" decoding=\"async\" class=\"img-with-animation skip-lazy\" data-delay=\"0\" height=\"1486\" width=\"2261\" data-animation=\"none\" src=\"https:\/\/ak-ski.ch\/wp-content\/uploads\/2025\/09\/MI-12-GW-bindung-1.webp\" alt=\"\" srcset=\"https:\/\/ak-ski.ch\/wp-content\/uploads\/2025\/09\/MI-12-GW-bindung-1.webp 2261w, https:\/\/ak-ski.ch\/wp-content\/uploads\/2025\/09\/MI-12-GW-bindung-1-768x505.webp 768w, https:\/\/ak-ski.ch\/wp-content\/uploads\/2025\/09\/MI-12-GW-bindung-1-1536x1010.webp 1536w, https:\/\/ak-ski.ch\/wp-content\/uploads\/2025\/09\/MI-12-GW-bindung-1-2048x1346.webp 2048w, https:\/\/ak-ski.ch\/wp-content\/uploads\/2025\/09\/MI-12-GW-bindung-1-600x394.webp 600w\" sizes=\"auto, (max-width: 2261px) 100vw, 2261px\" \/>\n          <\/div>\n        <\/div>\n      <\/div>\n    <\/div>\n\t\t<\/div> \n\t<\/div>\n\t<\/div> \n\n\t<div  class=\"vc_col-sm-4 wpb_column column_container vc_column_container col child_column no-extra-padding inherit_tablet inherit_phone\"   data-padding-pos=\"all\" data-has-bg-color=\"false\" data-bg-color=\"\" data-bg-opacity=\"1\" data-animation=\"\" data-delay=\"0\" >\n\t\t<div class=\"vc_column-inner\" ><a class=\"column-link\" target=\"_self\" href=\"\/fr\/icon-12-gw\/\"><\/a>\n\t\t<div class=\"wpb_wrapper\">\n\t\t\t<div class=\"img-with-aniamtion-wrap\" data-max-width=\"100%\" data-max-width-mobile=\"default\" data-shadow=\"none\" data-animation=\"none\" >\n      <div class=\"inner\">\n        <div class=\"hover-wrap\"> \n          <div class=\"hover-wrap-inner\">\n            <a href=\"\/fr\/icon-12-gw\/\" target=\"_self\" class=\"\">\n              <img loading=\"lazy\" decoding=\"async\" class=\"img-with-animation skip-lazy\" data-delay=\"0\" height=\"1486\" width=\"2261\" data-animation=\"none\" src=\"https:\/\/ak-ski.ch\/wp-content\/uploads\/2025\/09\/icon12-bindung-1.webp\" alt=\"\" srcset=\"https:\/\/ak-ski.ch\/wp-content\/uploads\/2025\/09\/icon12-bindung-1.webp 2261w, https:\/\/ak-ski.ch\/wp-content\/uploads\/2025\/09\/icon12-bindung-1-768x505.webp 768w, https:\/\/ak-ski.ch\/wp-content\/uploads\/2025\/09\/icon12-bindung-1-1536x1010.webp 1536w, https:\/\/ak-ski.ch\/wp-content\/uploads\/2025\/09\/icon12-bindung-1-2048x1346.webp 2048w, https:\/\/ak-ski.ch\/wp-content\/uploads\/2025\/09\/icon12-bindung-1-600x394.webp 600w\" sizes=\"auto, (max-width: 2261px) 100vw, 2261px\" \/>\n            <\/a>\n          <\/div>\n        <\/div>\n      <\/div>\n      <\/div>\n\t\t<\/div> \n\t<\/div>\n\t<\/div> \n\n\t<div  class=\"vc_col-sm-4 wpb_column column_container vc_column_container col child_column no-extra-padding inherit_tablet inherit_phone\"   data-padding-pos=\"all\" data-has-bg-color=\"false\" data-bg-color=\"\" data-bg-opacity=\"1\" data-animation=\"\" data-delay=\"0\" >\n\t\t<div class=\"vc_column-inner\" ><a class=\"column-link\" target=\"_self\" href=\"\/fr\/x12-lab\/\"><\/a>\n\t\t<div class=\"wpb_wrapper\">\n\t\t\t<div class=\"img-with-aniamtion-wrap\" data-max-width=\"100%\" data-max-width-mobile=\"default\" data-shadow=\"none\" data-animation=\"none\" >\n      <div class=\"inner\">\n        <div class=\"hover-wrap\"> \n          <div class=\"hover-wrap-inner\">\n            <img loading=\"lazy\" decoding=\"async\" class=\"img-with-animation skip-lazy\" data-delay=\"0\" height=\"1486\" width=\"2261\" data-animation=\"none\" src=\"https:\/\/ak-ski.ch\/wp-content\/uploads\/2025\/09\/x12lab-bindung.webp\" alt=\"\" srcset=\"https:\/\/ak-ski.ch\/wp-content\/uploads\/2025\/09\/x12lab-bindung.webp 2261w, https:\/\/ak-ski.ch\/wp-content\/uploads\/2025\/09\/x12lab-bindung-768x505.webp 768w, https:\/\/ak-ski.ch\/wp-content\/uploads\/2025\/09\/x12lab-bindung-1536x1010.webp 1536w, https:\/\/ak-ski.ch\/wp-content\/uploads\/2025\/09\/x12lab-bindung-2048x1346.webp 2048w, https:\/\/ak-ski.ch\/wp-content\/uploads\/2025\/09\/x12lab-bindung-600x394.webp 600w\" sizes=\"auto, (max-width: 2261px) 100vw, 2261px\" \/>\n          <\/div>\n        <\/div>\n      <\/div>\n    <\/div>\n\t\t<\/div> \n\t<\/div>\n\t<\/div> \n<\/div><\/div>\n\t\t\t<\/div> \n\t\t<\/div>\n\t<\/div> \n<\/div><\/div>","protected":false},"excerpt":{"rendered":"BINDUNGEN Die Bindung ist ein enorm wichtiges Element zwischen Ski und Fahrer und sorgt f\u00fcr die perfekte Balance und Kraft\u00fcbertragung. Wir d\u00fcrfen seit Jahren auf eine coole Zusammenarbeit mit SALOMON...","protected":false},"author":1,"featured_media":376,"parent":0,"menu_order":0,"comment_status":"closed","ping_status":"closed","template":"","meta":{"footnotes":""},"ski":[27],"class_list":{"0":"post-6460","1":"page","2":"type-page","3":"status-publish","4":"has-post-thumbnail","6":"ski-originals"},"_links":{"self":[{"href":"https:\/\/ak-ski.ch\/fr\/wp-json\/wp\/v2\/pages\/6460","targetHints":{"allow":["GET"]}}],"collection":[{"href":"https:\/\/ak-ski.ch\/fr\/wp-json\/wp\/v2\/pages"}],"about":[{"href":"https:\/\/ak-ski.ch\/fr\/wp-json\/wp\/v2\/types\/page"}],"author":[{"embeddable":true,"href":"https:\/\/ak-ski.ch\/fr\/wp-json\/wp\/v2\/users\/1"}],"replies":[{"embeddable":true,"href":"https:\/\/ak-ski.ch\/fr\/wp-json\/wp\/v2\/comments?post=6460"}],"version-history":[{"count":13,"href":"https:\/\/ak-ski.ch\/fr\/wp-json\/wp\/v2\/pages\/6460\/revisions"}],"predecessor-version":[{"id":6695,"href":"https:\/\/ak-ski.ch\/fr\/wp-json\/wp\/v2\/pages\/6460\/revisions\/6695"}],"wp:featuredmedia":[{"embeddable":true,"href":"https:\/\/ak-ski.ch\/fr\/wp-json\/wp\/v2\/media\/376"}],"wp:attachment":[{"href":"https:\/\/ak-ski.ch\/fr\/wp-json\/wp\/v2\/media?parent=6460"}],"wp:term":[{"taxonomy":"ski","embeddable":true,"href":"https:\/\/ak-ski.ch\/fr\/wp-json\/wp\/v2\/ski?post=6460"}],"curies":[{"name":"wp","href":"https:\/\/api.w.org\/{rel}","templated":true}]}}