{"id":6658,"date":"2025-09-24T12:39:43","date_gmt":"2025-09-24T10:39:43","guid":{"rendered":"https:\/\/ak-ski.ch\/?page_id=6658"},"modified":"2025-10-19T10:57:46","modified_gmt":"2025-10-19T08:57:46","slug":"30-years","status":"publish","type":"page","link":"https:\/\/ak-ski.ch\/fr\/30-years\/","title":{"rendered":"30 ANS"},"content":{"rendered":"<div id=\"fws_69defdf7c7800\"  data-column-margin=\"custom\" data-midnight=\"light\"  class=\"wpb_row vc_row-fluid vc_row full-width-section  column-margin-4pct top_padding_phone_10px\"  style=\"padding-top: 200px; padding-bottom: 200px; \"><div class=\"row-bg-wrap\" data-bg-animation=\"none\" data-bg-animation-delay=\"\" data-bg-overlay=\"false\"><div class=\"inner-wrap row-bg-layer\" ><div class=\"row-bg viewport-desktop\"  style=\"\"><\/div><\/div><\/div><div class=\"row_col_wrap_12 col span_12 light left\">\n\t<div style=\" color: #FFFFFF;\" class=\"vc_col-sm-3 wpb_column column_container vc_column_container col nectar-sticky-column-css has-animation no-extra-padding el_spacing_30px inherit_tablet inherit_phone\" data-cfc=\"true\"  data-padding-pos=\"all\" data-has-bg-color=\"false\" data-bg-color=\"\" data-bg-opacity=\"1\" data-animation=\"fade-in\" data-delay=\"0\" >\n\t\t<div class=\"n-sticky\"><div class=\"vc_column-inner\" >\n\t\t\t<div class=\"wpb_wrapper\">\n\t\t\t\t\n\t\t\t<\/div> \n\t\t<\/div><\/div>\n\t<\/div> \n\n\t<div  class=\"vc_col-sm-6 wpb_column column_container vc_column_container col has-animation no-extra-padding el_spacing_20px inherit_tablet inherit_phone\"  data-padding-pos=\"all\" data-has-bg-color=\"false\" data-bg-color=\"\" data-bg-opacity=\"1\" data-animation=\"fade-in\" data-delay=\"0\" >\n\t\t<div class=\"vc_column-inner\" >\n\t\t\t<div class=\"wpb_wrapper\">\n\t\t\t\t<div class=\"nectar-responsive-text font_size_max_54px font_size_desktop_3vw font_size_tablet_5vw font_size_phone_34px font_line_height_1-1 nectar-link-underline-effect\"><h3 style=\"text-align: center\">30 ANS<\/h3>\n<\/div><div id=\"fws_69defdf7c879f\" data-midnight=\"\" data-column-margin=\"default\" class=\"wpb_row vc_row-fluid vc_row inner_row\"  style=\"\"><div class=\"row-bg-wrap\"> <div class=\"row-bg\" ><\/div> <\/div><div class=\"row_col_wrap_12_inner col span_12  left\">\n\t<div  class=\"vc_col-sm-12 wpb_column column_container vc_column_container col child_column no-extra-padding el_spacing_10px inherit_tablet inherit_phone\"   data-padding-pos=\"all\" data-has-bg-color=\"false\" data-bg-color=\"\" data-bg-opacity=\"1\" data-animation=\"\" data-delay=\"0\" >\n\t\t<div class=\"vc_column-inner\" >\n\t\t<div class=\"wpb_wrapper\">\n\t\t\t<div class=\"nectar-responsive-text font_size_min_20px font_size_max_25px font_size_desktop_1-7vw font_line_height_1-2 nectar-link-underline-effect\"><p class=\"p1\" style=\"text-align: center\">Tu as d\u00e9j\u00e0 30 ans\u2026 la pubert\u00e9 est loin derri\u00e8re toi, et pourtant tu sembles plus jeune\net plus espi\u00e8gle que jamais.<\/p>\n<p class=\"p1\" style=\"text-align: center\">Et contrairement \u00e0 un bon vin rouge vieilli (ou \u00e0 une grande entreprise), tu es\nbeaucoup moins lourd\u2026 tu es m\u00eame l\u00e9ger, et tu ne donnes jamais mal \u00e0 la t\u00eate,\nm\u00eame \u00e0 forte dose.<\/p>\n<p class=\"p1\" style=\"text-align: center\">Des casse-t\u00eates, oui \u2013 mais seulement parce que nous voulons toujours le meilleur  pour toi et que nous ramons de toutes nos forces pour que TOI\u00a0tu puisses surfer sur la vague.<\/p>\n<p class=\"p1\" style=\"text-align: center\">Et tu y arrives !<\/p>\n<p class=\"p1\" style=\"text-align: center\">Et nous sommes fiers de toi ! \u2013 fiers de ce qui a \u00e9t\u00e9, de ce qui viendra, mais surtout\nde l\u2019ICI ET MAINTENANT, car tu es tout simplement g\u00e9nial !<\/p>\n<p class=\"p1\" style=\"text-align: center\">Je t'aime - Joyeux anniversaire<br \/>\nMarco &amp; Francesca &amp; JP<\/p>\n<\/div>\n\t\t<\/div> \n\t<\/div>\n\t<\/div> \n<\/div><\/div>\n\t\t\t<\/div> \n\t\t<\/div>\n\t<\/div> \n\n\t<div  class=\"vc_col-sm-3 wpb_column column_container vc_column_container col no-extra-padding inherit_tablet inherit_phone\"  data-padding-pos=\"all\" data-has-bg-color=\"false\" data-bg-color=\"\" data-bg-opacity=\"1\" data-animation=\"\" data-delay=\"0\" >\n\t\t<div class=\"vc_column-inner\" >\n\t\t\t<div class=\"wpb_wrapper\">\n\t\t\t\t\n\t\t\t<\/div> \n\t\t<\/div>\n\t<\/div> \n<\/div><\/div>","protected":false},"excerpt":{"rendered":"30 YEARS Jetzt bist du schon 30\u2026, die Pubert\u00e4t schon lange durch, und trotzdem scheinst du uns j\u00fcnger und frecher denn je. Und im Gegensatz zu einem gut gereiften Rotwein...","protected":false},"author":1,"featured_media":376,"parent":0,"menu_order":0,"comment_status":"closed","ping_status":"closed","template":"","meta":{"footnotes":""},"ski":[27],"class_list":{"0":"post-6658","1":"page","2":"type-page","3":"status-publish","4":"has-post-thumbnail","6":"ski-originals"},"_links":{"self":[{"href":"https:\/\/ak-ski.ch\/fr\/wp-json\/wp\/v2\/pages\/6658","targetHints":{"allow":["GET"]}}],"collection":[{"href":"https:\/\/ak-ski.ch\/fr\/wp-json\/wp\/v2\/pages"}],"about":[{"href":"https:\/\/ak-ski.ch\/fr\/wp-json\/wp\/v2\/types\/page"}],"author":[{"embeddable":true,"href":"https:\/\/ak-ski.ch\/fr\/wp-json\/wp\/v2\/users\/1"}],"replies":[{"embeddable":true,"href":"https:\/\/ak-ski.ch\/fr\/wp-json\/wp\/v2\/comments?post=6658"}],"version-history":[{"count":4,"href":"https:\/\/ak-ski.ch\/fr\/wp-json\/wp\/v2\/pages\/6658\/revisions"}],"predecessor-version":[{"id":7618,"href":"https:\/\/ak-ski.ch\/fr\/wp-json\/wp\/v2\/pages\/6658\/revisions\/7618"}],"wp:featuredmedia":[{"embeddable":true,"href":"https:\/\/ak-ski.ch\/fr\/wp-json\/wp\/v2\/media\/376"}],"wp:attachment":[{"href":"https:\/\/ak-ski.ch\/fr\/wp-json\/wp\/v2\/media?parent=6658"}],"wp:term":[{"taxonomy":"ski","embeddable":true,"href":"https:\/\/ak-ski.ch\/fr\/wp-json\/wp\/v2\/ski?post=6658"}],"curies":[{"name":"wp","href":"https:\/\/api.w.org\/{rel}","templated":true}]}}