{"id":6685,"date":"2025-09-24T13:09:43","date_gmt":"2025-09-24T11:09:43","guid":{"rendered":"https:\/\/ak-ski.ch\/?page_id=6685"},"modified":"2025-09-24T13:11:05","modified_gmt":"2025-09-24T11:11:05","slug":"icon-12-gw","status":"publish","type":"page","link":"https:\/\/ak-ski.ch\/fr\/icon-12-gw\/","title":{"rendered":"ICON 12 GW"},"content":{"rendered":"<div id=\"fws_69e1362b3ca3a\"  data-column-margin=\"custom\" data-midnight=\"light\"  class=\"wpb_row vc_row-fluid vc_row full-width-section  column-margin-4pct top_padding_phone_10px\"  style=\"padding-top: 200px; padding-bottom: 0px; \"><div class=\"row-bg-wrap\" data-bg-animation=\"none\" data-bg-animation-delay=\"\" data-bg-overlay=\"false\"><div class=\"inner-wrap row-bg-layer\" ><div class=\"row-bg viewport-desktop\"  style=\"\"><\/div><\/div><\/div><div class=\"row_col_wrap_12 col span_12 light left\">\n\t<div style=\" color: #FFFFFF;margin-bottom: 150px; \" class=\"vc_col-sm-4 wpb_column column_container vc_column_container col nectar-sticky-column-css has-animation el_spacing_30px\" data-cfc=\"true\"  data-padding-pos=\"all\" data-has-bg-color=\"false\" data-bg-color=\"\" data-bg-opacity=\"1\" data-animation=\"fade-in\" data-delay=\"0\" >\n\t\t<div class=\"n-sticky\"><div class=\"vc_column-inner\" >\n\t\t\t<div class=\"wpb_wrapper\">\n\t\t\t\t<div class=\"nectar-responsive-text font_size_max_54px font_size_desktop_3vw font_size_tablet_5vw font_size_phone_34px font_line_height_1-1 nectar-link-underline-effect\"><h3>ICON 12 GW<\/h3>\n<\/div><div id=\"fws_69e1362b3da0f\" data-midnight=\"\" data-column-margin=\"default\" class=\"wpb_row vc_row-fluid vc_row inner_row\"  style=\"\"><div class=\"row-bg-wrap\"> <div class=\"row-bg\" ><\/div> <\/div><div class=\"row_col_wrap_12_inner col span_12  left\">\n\t<div  class=\"vc_col-sm-12 wpb_column column_container vc_column_container col child_column no-extra-padding el_spacing_10px inherit_tablet inherit_phone\"   data-padding-pos=\"all\" data-has-bg-color=\"false\" data-bg-color=\"\" data-bg-opacity=\"1\" data-animation=\"\" data-delay=\"0\" >\n\t\t<div class=\"vc_column-inner\" >\n\t\t<div class=\"wpb_wrapper\">\n\t\t\t<div class=\"nectar-responsive-text font_size_min_20px font_size_max_25px font_size_desktop_1-7vw font_line_height_1-2 nectar-link-underline-effect\"><p class=\"p1\">L\u2019ICON 12 GW\u00a0est con\u00e7ue pour la performance absolue. Produite exclusivement pour\u00a0AK SKI, elle assure une transmission de puissance sans compromis tout en pr\u00e9servant le flex naturel du ski. Cette fixation est \u00e9galement \u00e9quip\u00e9e du syst\u00e8me\u00a0GripWalk.<span class=\"Apple-converted-space\">\u00a0 <\/span>d'influencer le flex des skis. La fixation dispose \u00e9galement du syst\u00e8me GripWalk.<\/p>\n<p class=\"p1\"><strong>Prix<\/strong><br \/>\nCHF 350<\/p>\n<\/div>\n\t\t<\/div> \n\t<\/div>\n\t<\/div> \n<\/div><\/div>\n\t\t\t<\/div> \n\t\t<\/div><\/div>\n\t<\/div> \n\n\t<div  class=\"vc_col-sm-8 wpb_column column_container vc_column_container col has-animation no-extra-padding el_spacing_20px inherit_tablet inherit_phone\"  data-padding-pos=\"all\" data-has-bg-color=\"false\" data-bg-color=\"\" data-bg-opacity=\"1\" data-animation=\"fade-in\" data-delay=\"0\" >\n\t\t<div class=\"vc_column-inner\" >\n\t\t\t<div class=\"wpb_wrapper\">\n\t\t\t\t<div class=\"img-with-aniamtion-wrap  custom-size\" data-max-width=\"100%\" data-max-width-mobile=\"default\" data-border-radius=\"20px\" data-shadow=\"none\" data-animation=\"none\" >\n      <div class=\"inner\">\n        <div class=\"hover-wrap\"> \n          <div class=\"hover-wrap-inner\">\n            <img loading=\"lazy\" decoding=\"async\" class=\"img-with-animation skip-lazy\" data-delay=\"0\" height=\"1486\" width=\"2261\" data-animation=\"none\" src=\"https:\/\/ak-ski.ch\/wp-content\/uploads\/2025\/09\/MI-12-GW-bindung-detail1_2.webp\" alt=\"\" srcset=\"https:\/\/ak-ski.ch\/wp-content\/uploads\/2025\/09\/MI-12-GW-bindung-detail1_2.webp 2261w, https:\/\/ak-ski.ch\/wp-content\/uploads\/2025\/09\/MI-12-GW-bindung-detail1_2-768x505.webp 768w, https:\/\/ak-ski.ch\/wp-content\/uploads\/2025\/09\/MI-12-GW-bindung-detail1_2-1536x1010.webp 1536w, https:\/\/ak-ski.ch\/wp-content\/uploads\/2025\/09\/MI-12-GW-bindung-detail1_2-2048x1346.webp 2048w, https:\/\/ak-ski.ch\/wp-content\/uploads\/2025\/09\/MI-12-GW-bindung-detail1_2-600x394.webp 600w\" sizes=\"auto, (max-width: 2261px) 100vw, 2261px\" \/>\n          <\/div>\n        <\/div>\n      <\/div>\n    <\/div><div class=\"img-with-aniamtion-wrap  custom-size\" data-max-width=\"100%\" data-max-width-mobile=\"default\" data-border-radius=\"20px\" data-shadow=\"none\" data-animation=\"none\" >\n      <div class=\"inner\">\n        <div class=\"hover-wrap\"> \n          <div class=\"hover-wrap-inner\">\n            <img loading=\"lazy\" decoding=\"async\" class=\"img-with-animation skip-lazy\" data-delay=\"0\" height=\"1486\" width=\"2261\" data-animation=\"none\" src=\"https:\/\/ak-ski.ch\/wp-content\/uploads\/2025\/09\/MI-12-GW-bindung-detail2_2.webp\" alt=\"\" srcset=\"https:\/\/ak-ski.ch\/wp-content\/uploads\/2025\/09\/MI-12-GW-bindung-detail2_2.webp 2261w, https:\/\/ak-ski.ch\/wp-content\/uploads\/2025\/09\/MI-12-GW-bindung-detail2_2-768x505.webp 768w, https:\/\/ak-ski.ch\/wp-content\/uploads\/2025\/09\/MI-12-GW-bindung-detail2_2-1536x1010.webp 1536w, https:\/\/ak-ski.ch\/wp-content\/uploads\/2025\/09\/MI-12-GW-bindung-detail2_2-2048x1346.webp 2048w, https:\/\/ak-ski.ch\/wp-content\/uploads\/2025\/09\/MI-12-GW-bindung-detail2_2-600x394.webp 600w\" sizes=\"auto, (max-width: 2261px) 100vw, 2261px\" \/>\n          <\/div>\n        <\/div>\n      <\/div>\n    <\/div><div class=\"img-with-aniamtion-wrap  custom-size\" data-max-width=\"100%\" data-max-width-mobile=\"default\" data-border-radius=\"20px\" data-shadow=\"none\" data-animation=\"none\" >\n      <div class=\"inner\">\n        <div class=\"hover-wrap\"> \n          <div class=\"hover-wrap-inner\">\n            <img loading=\"lazy\" decoding=\"async\" class=\"img-with-animation skip-lazy\" data-delay=\"0\" height=\"1486\" width=\"2261\" data-animation=\"none\" src=\"https:\/\/ak-ski.ch\/wp-content\/uploads\/2025\/09\/MI-12-GW-bindung-detail3_2.webp\" alt=\"\" srcset=\"https:\/\/ak-ski.ch\/wp-content\/uploads\/2025\/09\/MI-12-GW-bindung-detail3_2.webp 2261w, https:\/\/ak-ski.ch\/wp-content\/uploads\/2025\/09\/MI-12-GW-bindung-detail3_2-768x505.webp 768w, https:\/\/ak-ski.ch\/wp-content\/uploads\/2025\/09\/MI-12-GW-bindung-detail3_2-1536x1010.webp 1536w, https:\/\/ak-ski.ch\/wp-content\/uploads\/2025\/09\/MI-12-GW-bindung-detail3_2-2048x1346.webp 2048w, https:\/\/ak-ski.ch\/wp-content\/uploads\/2025\/09\/MI-12-GW-bindung-detail3_2-600x394.webp 600w\" sizes=\"auto, (max-width: 2261px) 100vw, 2261px\" \/>\n          <\/div>\n        <\/div>\n      <\/div>\n    <\/div>\n\t\t\t<\/div> \n\t\t<\/div>\n\t<\/div> \n<\/div><\/div>","protected":false},"excerpt":{"rendered":"ICON 12 GW Die ICON 12 GW wird im absoluten Performancebereich eingesetzt. Sie wird exklusiv f\u00fcr AK SKI separat hergestellt und bietet eine kompromisslose Kraft\u00fcbertragung ohne\u00a0 den Flex der Ski...","protected":false},"author":1,"featured_media":0,"parent":0,"menu_order":0,"comment_status":"closed","ping_status":"closed","template":"","meta":{"footnotes":""},"ski":[],"class_list":["post-6685","page","type-page","status-publish"],"_links":{"self":[{"href":"https:\/\/ak-ski.ch\/fr\/wp-json\/wp\/v2\/pages\/6685","targetHints":{"allow":["GET"]}}],"collection":[{"href":"https:\/\/ak-ski.ch\/fr\/wp-json\/wp\/v2\/pages"}],"about":[{"href":"https:\/\/ak-ski.ch\/fr\/wp-json\/wp\/v2\/types\/page"}],"author":[{"embeddable":true,"href":"https:\/\/ak-ski.ch\/fr\/wp-json\/wp\/v2\/users\/1"}],"replies":[{"embeddable":true,"href":"https:\/\/ak-ski.ch\/fr\/wp-json\/wp\/v2\/comments?post=6685"}],"version-history":[{"count":3,"href":"https:\/\/ak-ski.ch\/fr\/wp-json\/wp\/v2\/pages\/6685\/revisions"}],"predecessor-version":[{"id":6688,"href":"https:\/\/ak-ski.ch\/fr\/wp-json\/wp\/v2\/pages\/6685\/revisions\/6688"}],"wp:attachment":[{"href":"https:\/\/ak-ski.ch\/fr\/wp-json\/wp\/v2\/media?parent=6685"}],"wp:term":[{"taxonomy":"ski","embeddable":true,"href":"https:\/\/ak-ski.ch\/fr\/wp-json\/wp\/v2\/ski?post=6685"}],"curies":[{"name":"wp","href":"https:\/\/api.w.org\/{rel}","templated":true}]}}